{"id":111536,"date":"2025-10-01T14:50:43","date_gmt":"2025-10-01T11:50:43","guid":{"rendered":"https:\/\/noo.ee\/product\/cukas-skinkis-fitlap-105-g\/"},"modified":"2026-04-15T10:57:24","modified_gmt":"2026-04-15T07:57:24","slug":"cukas-skinkis-fitlap-105-g","status":"publish","type":"product","link":"https:\/\/noo.ee\/lv\/product\/cukas-skinkis-fitlap-105-g\/","title":{"rendered":"C\u016bkas \u0161\u0137i\u0146\u0137is, Fitlap 105<span class=\"last-two-letters\"> g<\/span>"},"content":{"rendered":"","protected":false},"excerpt":{"rendered":"","protected":false},"featured_media":111537,"template":"","meta":{"_acf_changed":false},"product_brand":[],"product_cat":[357],"product_tag":[],"class_list":{"0":"post-111536","1":"product","2":"type-product","3":"status-publish","4":"has-post-thumbnail","6":"product_cat-skinki-un-galas-ruletes","8":"first","9":"instock","10":"featured","11":"taxable","12":"shipping-taxable","13":"purchasable","14":"product-type-simple"},"acf":[],"_links":{"self":[{"href":"https:\/\/noo.ee\/lv\/wp-json\/wp\/v2\/product\/111536","targetHints":{"allow":["GET"]}}],"collection":[{"href":"https:\/\/noo.ee\/lv\/wp-json\/wp\/v2\/product"}],"about":[{"href":"https:\/\/noo.ee\/lv\/wp-json\/wp\/v2\/types\/product"}],"version-history":[{"count":1,"href":"https:\/\/noo.ee\/lv\/wp-json\/wp\/v2\/product\/111536\/revisions"}],"predecessor-version":[{"id":112220,"href":"https:\/\/noo.ee\/lv\/wp-json\/wp\/v2\/product\/111536\/revisions\/112220"}],"wp:featuredmedia":[{"embeddable":true,"href":"https:\/\/noo.ee\/lv\/wp-json\/wp\/v2\/media\/111537"}],"wp:attachment":[{"href":"https:\/\/noo.ee\/lv\/wp-json\/wp\/v2\/media?parent=111536"}],"wp:term":[{"taxonomy":"product_brand","embeddable":true,"href":"https:\/\/noo.ee\/lv\/wp-json\/wp\/v2\/product_brand?post=111536"},{"taxonomy":"product_cat","embeddable":true,"href":"https:\/\/noo.ee\/lv\/wp-json\/wp\/v2\/product_cat?post=111536"},{"taxonomy":"product_tag","embeddable":true,"href":"https:\/\/noo.ee\/lv\/wp-json\/wp\/v2\/product_tag?post=111536"}],"curies":[{"name":"wp","href":"https:\/\/api.w.org\/{rel}","templated":true}]}}