{"id":111550,"date":"2025-10-01T14:50:44","date_gmt":"2025-10-01T11:50:44","guid":{"rendered":"https:\/\/noo.ee\/product\/kupinats-skinkis-terbatas-15-kg\/"},"modified":"2025-10-20T12:35:41","modified_gmt":"2025-10-20T09:35:41","slug":"kupinats-skinkis-terbatas-15-kg","status":"publish","type":"product","link":"https:\/\/noo.ee\/lv\/product\/kupinats-skinkis-terbatas-15-kg\/","title":{"rendered":"K\u016bpin\u0101ts \u0161\u0137i\u0146\u0137is T\u0113rbatas ~1,5 <span class=\"last-two-letters\">kg<\/span>"},"content":{"rendered":"","protected":false},"excerpt":{"rendered":"","protected":false},"featured_media":111551,"template":"","meta":{"_acf_changed":false},"product_brand":[],"product_cat":[],"product_tag":[],"class_list":{"0":"post-111550","1":"product","2":"type-product","3":"status-publish","4":"has-post-thumbnail","7":"first","8":"instock","9":"taxable","10":"shipping-taxable","11":"purchasable","12":"product-type-simple"},"acf":[],"_links":{"self":[{"href":"https:\/\/noo.ee\/lv\/wp-json\/wp\/v2\/product\/111550","targetHints":{"allow":["GET"]}}],"collection":[{"href":"https:\/\/noo.ee\/lv\/wp-json\/wp\/v2\/product"}],"about":[{"href":"https:\/\/noo.ee\/lv\/wp-json\/wp\/v2\/types\/product"}],"version-history":[{"count":1,"href":"https:\/\/noo.ee\/lv\/wp-json\/wp\/v2\/product\/111550\/revisions"}],"predecessor-version":[{"id":112227,"href":"https:\/\/noo.ee\/lv\/wp-json\/wp\/v2\/product\/111550\/revisions\/112227"}],"wp:featuredmedia":[{"embeddable":true,"href":"https:\/\/noo.ee\/lv\/wp-json\/wp\/v2\/media\/111551"}],"wp:attachment":[{"href":"https:\/\/noo.ee\/lv\/wp-json\/wp\/v2\/media?parent=111550"}],"wp:term":[{"taxonomy":"product_brand","embeddable":true,"href":"https:\/\/noo.ee\/lv\/wp-json\/wp\/v2\/product_brand?post=111550"},{"taxonomy":"product_cat","embeddable":true,"href":"https:\/\/noo.ee\/lv\/wp-json\/wp\/v2\/product_cat?post=111550"},{"taxonomy":"product_tag","embeddable":true,"href":"https:\/\/noo.ee\/lv\/wp-json\/wp\/v2\/product_tag?post=111550"}],"curies":[{"name":"wp","href":"https:\/\/api.w.org\/{rel}","templated":true}]}}