{"id":111552,"date":"2025-10-01T14:50:44","date_gmt":"2025-10-01T11:50:44","guid":{"rendered":"https:\/\/noo.ee\/product\/alksnu-dumos-kupinats-skinkis-2-kg\/"},"modified":"2025-10-20T12:35:41","modified_gmt":"2025-10-20T09:35:41","slug":"alksnu-dumos-kupinats-skinkis-2-kg","status":"publish","type":"product","link":"https:\/\/noo.ee\/lv\/product\/alksnu-dumos-kupinats-skinkis-2-kg\/","title":{"rendered":"Alk\u0161\u0146u d\u016bmos k\u016bpin\u0101ts \u0161\u0137i\u0146\u0137is ~2 <span class=\"last-two-letters\">kg<\/span>"},"content":{"rendered":"","protected":false},"excerpt":{"rendered":"","protected":false},"featured_media":111553,"template":"","meta":{"_acf_changed":false},"product_brand":[],"product_cat":[],"product_tag":[],"class_list":{"0":"post-111552","1":"product","2":"type-product","3":"status-publish","4":"has-post-thumbnail","7":"first","8":"instock","9":"taxable","10":"shipping-taxable","11":"purchasable","12":"product-type-simple"},"acf":[],"_links":{"self":[{"href":"https:\/\/noo.ee\/lv\/wp-json\/wp\/v2\/product\/111552","targetHints":{"allow":["GET"]}}],"collection":[{"href":"https:\/\/noo.ee\/lv\/wp-json\/wp\/v2\/product"}],"about":[{"href":"https:\/\/noo.ee\/lv\/wp-json\/wp\/v2\/types\/product"}],"version-history":[{"count":1,"href":"https:\/\/noo.ee\/lv\/wp-json\/wp\/v2\/product\/111552\/revisions"}],"predecessor-version":[{"id":112228,"href":"https:\/\/noo.ee\/lv\/wp-json\/wp\/v2\/product\/111552\/revisions\/112228"}],"wp:featuredmedia":[{"embeddable":true,"href":"https:\/\/noo.ee\/lv\/wp-json\/wp\/v2\/media\/111553"}],"wp:attachment":[{"href":"https:\/\/noo.ee\/lv\/wp-json\/wp\/v2\/media?parent=111552"}],"wp:term":[{"taxonomy":"product_brand","embeddable":true,"href":"https:\/\/noo.ee\/lv\/wp-json\/wp\/v2\/product_brand?post=111552"},{"taxonomy":"product_cat","embeddable":true,"href":"https:\/\/noo.ee\/lv\/wp-json\/wp\/v2\/product_cat?post=111552"},{"taxonomy":"product_tag","embeddable":true,"href":"https:\/\/noo.ee\/lv\/wp-json\/wp\/v2\/product_tag?post=111552"}],"curies":[{"name":"wp","href":"https:\/\/api.w.org\/{rel}","templated":true}]}}