{"id":111577,"date":"2025-10-01T14:50:47","date_gmt":"2025-10-01T11:50:47","guid":{"rendered":"https:\/\/noo.ee\/product\/cukgalas-krutina-kupinata-800-g\/"},"modified":"2026-04-15T10:57:37","modified_gmt":"2026-04-15T07:57:37","slug":"cukgalas-krutina-kupinata-800-g","status":"publish","type":"product","link":"https:\/\/noo.ee\/lv\/product\/cukgalas-krutina-kupinata-800-g\/","title":{"rendered":"C\u016bkga\u013cas kr\u016bti\u0146a k\u016bpin\u0101ta ~800<span class=\"last-two-letters\"> g<\/span>"},"content":{"rendered":"","protected":false},"excerpt":{"rendered":"","protected":false},"featured_media":111578,"template":"","meta":{"_acf_changed":false},"product_brand":[],"product_cat":[357],"product_tag":[],"class_list":{"0":"post-111577","1":"product","2":"type-product","3":"status-publish","4":"has-post-thumbnail","6":"product_cat-skinki-un-galas-ruletes","8":"first","9":"outofstock","10":"taxable","11":"shipping-taxable","12":"purchasable","13":"product-type-simple"},"acf":[],"_links":{"self":[{"href":"https:\/\/noo.ee\/lv\/wp-json\/wp\/v2\/product\/111577","targetHints":{"allow":["GET"]}}],"collection":[{"href":"https:\/\/noo.ee\/lv\/wp-json\/wp\/v2\/product"}],"about":[{"href":"https:\/\/noo.ee\/lv\/wp-json\/wp\/v2\/types\/product"}],"version-history":[{"count":1,"href":"https:\/\/noo.ee\/lv\/wp-json\/wp\/v2\/product\/111577\/revisions"}],"predecessor-version":[{"id":112241,"href":"https:\/\/noo.ee\/lv\/wp-json\/wp\/v2\/product\/111577\/revisions\/112241"}],"wp:featuredmedia":[{"embeddable":true,"href":"https:\/\/noo.ee\/lv\/wp-json\/wp\/v2\/media\/111578"}],"wp:attachment":[{"href":"https:\/\/noo.ee\/lv\/wp-json\/wp\/v2\/media?parent=111577"}],"wp:term":[{"taxonomy":"product_brand","embeddable":true,"href":"https:\/\/noo.ee\/lv\/wp-json\/wp\/v2\/product_brand?post=111577"},{"taxonomy":"product_cat","embeddable":true,"href":"https:\/\/noo.ee\/lv\/wp-json\/wp\/v2\/product_cat?post=111577"},{"taxonomy":"product_tag","embeddable":true,"href":"https:\/\/noo.ee\/lv\/wp-json\/wp\/v2\/product_tag?post=111577"}],"curies":[{"name":"wp","href":"https:\/\/api.w.org\/{rel}","templated":true}]}}