{"id":111581,"date":"2025-10-01T14:50:47","date_gmt":"2025-10-01T11:50:47","guid":{"rendered":"https:\/\/noo.ee\/product\/cukgalas-rulete-ar-meli-un-sampinjoniem-1-kg\/"},"modified":"2026-04-15T10:57:38","modified_gmt":"2026-04-15T07:57:38","slug":"cukgalas-rulete-ar-meli-un-sampinjoniem-1-kg","status":"publish","type":"product","link":"https:\/\/noo.ee\/lv\/product\/cukgalas-rulete-ar-meli-un-sampinjoniem-1-kg\/","title":{"rendered":"C\u016bkga\u013cas rulete ar m\u0113li un \u0161ampinjoniem ~1 <span class=\"last-two-letters\">kg<\/span>"},"content":{"rendered":"","protected":false},"excerpt":{"rendered":"","protected":false},"featured_media":111582,"template":"","meta":{"_acf_changed":false},"product_brand":[],"product_cat":[357],"product_tag":[],"class_list":{"0":"post-111581","1":"product","2":"type-product","3":"status-publish","4":"has-post-thumbnail","6":"product_cat-skinki-un-galas-ruletes","8":"first","9":"instock","10":"taxable","11":"shipping-taxable","12":"purchasable","13":"product-type-simple"},"acf":[],"_links":{"self":[{"href":"https:\/\/noo.ee\/lv\/wp-json\/wp\/v2\/product\/111581","targetHints":{"allow":["GET"]}}],"collection":[{"href":"https:\/\/noo.ee\/lv\/wp-json\/wp\/v2\/product"}],"about":[{"href":"https:\/\/noo.ee\/lv\/wp-json\/wp\/v2\/types\/product"}],"version-history":[{"count":1,"href":"https:\/\/noo.ee\/lv\/wp-json\/wp\/v2\/product\/111581\/revisions"}],"predecessor-version":[{"id":112243,"href":"https:\/\/noo.ee\/lv\/wp-json\/wp\/v2\/product\/111581\/revisions\/112243"}],"wp:featuredmedia":[{"embeddable":true,"href":"https:\/\/noo.ee\/lv\/wp-json\/wp\/v2\/media\/111582"}],"wp:attachment":[{"href":"https:\/\/noo.ee\/lv\/wp-json\/wp\/v2\/media?parent=111581"}],"wp:term":[{"taxonomy":"product_brand","embeddable":true,"href":"https:\/\/noo.ee\/lv\/wp-json\/wp\/v2\/product_brand?post=111581"},{"taxonomy":"product_cat","embeddable":true,"href":"https:\/\/noo.ee\/lv\/wp-json\/wp\/v2\/product_cat?post=111581"},{"taxonomy":"product_tag","embeddable":true,"href":"https:\/\/noo.ee\/lv\/wp-json\/wp\/v2\/product_tag?post=111581"}],"curies":[{"name":"wp","href":"https:\/\/api.w.org\/{rel}","templated":true}]}}