{"id":111589,"date":"2025-10-01T14:50:48","date_gmt":"2025-10-01T11:50:48","guid":{"rendered":"https:\/\/noo.ee\/product\/titara-fileja-106-skelites-16-kg\/"},"modified":"2026-04-15T10:57:40","modified_gmt":"2026-04-15T07:57:40","slug":"titara-fileja-106-skelites-16-kg","status":"publish","type":"product","link":"https:\/\/noo.ee\/lv\/product\/titara-fileja-106-skelites-16-kg\/","title":{"rendered":"T\u012btara fileja (~106 \u0161\u0137\u0113l\u012btes) 1,6 <span class=\"last-two-letters\">kg<\/span>"},"content":{"rendered":"","protected":false},"excerpt":{"rendered":"","protected":false},"featured_media":111590,"template":"","meta":{"_acf_changed":false},"product_brand":[],"product_cat":[331,190],"product_tag":[],"class_list":{"0":"post-111589","1":"product","2":"type-product","3":"status-publish","4":"has-post-thumbnail","6":"product_cat-grileti-un-kupinati-putnu-galas-produkti","7":"product_cat-horeca-lv","9":"first","10":"instock","11":"taxable","12":"shipping-taxable","13":"purchasable","14":"product-type-simple"},"acf":[],"_links":{"self":[{"href":"https:\/\/noo.ee\/lv\/wp-json\/wp\/v2\/product\/111589","targetHints":{"allow":["GET"]}}],"collection":[{"href":"https:\/\/noo.ee\/lv\/wp-json\/wp\/v2\/product"}],"about":[{"href":"https:\/\/noo.ee\/lv\/wp-json\/wp\/v2\/types\/product"}],"version-history":[{"count":1,"href":"https:\/\/noo.ee\/lv\/wp-json\/wp\/v2\/product\/111589\/revisions"}],"predecessor-version":[{"id":112247,"href":"https:\/\/noo.ee\/lv\/wp-json\/wp\/v2\/product\/111589\/revisions\/112247"}],"wp:featuredmedia":[{"embeddable":true,"href":"https:\/\/noo.ee\/lv\/wp-json\/wp\/v2\/media\/111590"}],"wp:attachment":[{"href":"https:\/\/noo.ee\/lv\/wp-json\/wp\/v2\/media?parent=111589"}],"wp:term":[{"taxonomy":"product_brand","embeddable":true,"href":"https:\/\/noo.ee\/lv\/wp-json\/wp\/v2\/product_brand?post=111589"},{"taxonomy":"product_cat","embeddable":true,"href":"https:\/\/noo.ee\/lv\/wp-json\/wp\/v2\/product_cat?post=111589"},{"taxonomy":"product_tag","embeddable":true,"href":"https:\/\/noo.ee\/lv\/wp-json\/wp\/v2\/product_tag?post=111589"}],"curies":[{"name":"wp","href":"https:\/\/api.w.org\/{rel}","templated":true}]}}