{"id":111591,"date":"2025-10-01T14:50:48","date_gmt":"2025-10-01T11:50:48","guid":{"rendered":"https:\/\/noo.ee\/product\/liellopu-galas-skinkis-106-skelites-16-kg\/"},"modified":"2025-10-20T12:35:45","modified_gmt":"2025-10-20T09:35:45","slug":"liellopu-galas-skinkis-106-skelites-16-kg","status":"publish","type":"product","link":"https:\/\/noo.ee\/lv\/product\/liellopu-galas-skinkis-106-skelites-16-kg\/","title":{"rendered":"Liellopu ga\u013cas \u0161\u0137i\u0146\u0137is (~106 \u0161\u0137\u0113l\u012btes) 1,6 <span class=\"last-two-letters\">kg<\/span>"},"content":{"rendered":"","protected":false},"excerpt":{"rendered":"","protected":false},"featured_media":111592,"template":"","meta":{"_acf_changed":false},"product_brand":[],"product_cat":[190],"product_tag":[],"class_list":{"0":"post-111591","1":"product","2":"type-product","3":"status-publish","4":"has-post-thumbnail","6":"product_cat-horeca-lv","8":"first","9":"instock","10":"taxable","11":"shipping-taxable","12":"purchasable","13":"product-type-simple"},"acf":[],"_links":{"self":[{"href":"https:\/\/noo.ee\/lv\/wp-json\/wp\/v2\/product\/111591","targetHints":{"allow":["GET"]}}],"collection":[{"href":"https:\/\/noo.ee\/lv\/wp-json\/wp\/v2\/product"}],"about":[{"href":"https:\/\/noo.ee\/lv\/wp-json\/wp\/v2\/types\/product"}],"version-history":[{"count":1,"href":"https:\/\/noo.ee\/lv\/wp-json\/wp\/v2\/product\/111591\/revisions"}],"predecessor-version":[{"id":112248,"href":"https:\/\/noo.ee\/lv\/wp-json\/wp\/v2\/product\/111591\/revisions\/112248"}],"wp:featuredmedia":[{"embeddable":true,"href":"https:\/\/noo.ee\/lv\/wp-json\/wp\/v2\/media\/111592"}],"wp:attachment":[{"href":"https:\/\/noo.ee\/lv\/wp-json\/wp\/v2\/media?parent=111591"}],"wp:term":[{"taxonomy":"product_brand","embeddable":true,"href":"https:\/\/noo.ee\/lv\/wp-json\/wp\/v2\/product_brand?post=111591"},{"taxonomy":"product_cat","embeddable":true,"href":"https:\/\/noo.ee\/lv\/wp-json\/wp\/v2\/product_cat?post=111591"},{"taxonomy":"product_tag","embeddable":true,"href":"https:\/\/noo.ee\/lv\/wp-json\/wp\/v2\/product_tag?post=111591"}],"curies":[{"name":"wp","href":"https:\/\/api.w.org\/{rel}","templated":true}]}}