{"id":111593,"date":"2025-10-01T14:50:48","date_gmt":"2025-10-01T11:50:48","guid":{"rendered":"https:\/\/noo.ee\/product\/karbonade-zemnieka-karsti-kupinata-120-skelites-16-kg\/"},"modified":"2025-10-20T12:35:45","modified_gmt":"2025-10-20T09:35:45","slug":"karbonade-zemnieka-karsti-kupinata-120-skelites-16-kg","status":"publish","type":"product","link":"https:\/\/noo.ee\/lv\/product\/karbonade-zemnieka-karsti-kupinata-120-skelites-16-kg\/","title":{"rendered":"Karbon\u0101de Zemnieka, karsti k\u016bpin\u0101ta (~120 \u0161\u0137\u0113l\u012btes) 1,6 <span class=\"last-two-letters\">kg<\/span>"},"content":{"rendered":"","protected":false},"excerpt":{"rendered":"","protected":false},"featured_media":111594,"template":"","meta":{"_acf_changed":false},"product_brand":[],"product_cat":[190],"product_tag":[],"class_list":{"0":"post-111593","1":"product","2":"type-product","3":"status-publish","4":"has-post-thumbnail","6":"product_cat-horeca-lv","8":"first","9":"outofstock","10":"taxable","11":"shipping-taxable","12":"purchasable","13":"product-type-simple"},"acf":[],"_links":{"self":[{"href":"https:\/\/noo.ee\/lv\/wp-json\/wp\/v2\/product\/111593","targetHints":{"allow":["GET"]}}],"collection":[{"href":"https:\/\/noo.ee\/lv\/wp-json\/wp\/v2\/product"}],"about":[{"href":"https:\/\/noo.ee\/lv\/wp-json\/wp\/v2\/types\/product"}],"version-history":[{"count":1,"href":"https:\/\/noo.ee\/lv\/wp-json\/wp\/v2\/product\/111593\/revisions"}],"predecessor-version":[{"id":112249,"href":"https:\/\/noo.ee\/lv\/wp-json\/wp\/v2\/product\/111593\/revisions\/112249"}],"wp:featuredmedia":[{"embeddable":true,"href":"https:\/\/noo.ee\/lv\/wp-json\/wp\/v2\/media\/111594"}],"wp:attachment":[{"href":"https:\/\/noo.ee\/lv\/wp-json\/wp\/v2\/media?parent=111593"}],"wp:term":[{"taxonomy":"product_brand","embeddable":true,"href":"https:\/\/noo.ee\/lv\/wp-json\/wp\/v2\/product_brand?post=111593"},{"taxonomy":"product_cat","embeddable":true,"href":"https:\/\/noo.ee\/lv\/wp-json\/wp\/v2\/product_cat?post=111593"},{"taxonomy":"product_tag","embeddable":true,"href":"https:\/\/noo.ee\/lv\/wp-json\/wp\/v2\/product_tag?post=111593"}],"curies":[{"name":"wp","href":"https:\/\/api.w.org\/{rel}","templated":true}]}}