{"id":111595,"date":"2025-10-01T14:50:49","date_gmt":"2025-10-01T11:50:49","guid":{"rendered":"https:\/\/noo.ee\/product\/kupinata-lauku-ribinu-gala-ar-adinu-95-skelites-16-kg\/"},"modified":"2026-04-15T10:57:42","modified_gmt":"2026-04-15T07:57:42","slug":"kupinata-lauku-ribinu-gala-ar-adinu-95-skelites-16-kg","status":"publish","type":"product","link":"https:\/\/noo.ee\/lv\/product\/kupinata-lauku-ribinu-gala-ar-adinu-95-skelites-16-kg\/","title":{"rendered":"K\u016bpin\u0101ta lauku ribi\u0146u ga\u013ca ar \u0101di\u0146u (~95 \u0161\u0137\u0113l\u012btes) 1,6 <span class=\"last-two-letters\">kg<\/span>"},"content":{"rendered":"","protected":false},"excerpt":{"rendered":"","protected":false},"featured_media":111596,"template":"","meta":{"_acf_changed":false},"product_brand":[],"product_cat":[358,190],"product_tag":[],"class_list":{"0":"post-111595","1":"product","2":"type-product","3":"status-publish","4":"has-post-thumbnail","6":"product_cat-bekons-un-cukas-krutina","7":"product_cat-horeca-lv","9":"first","10":"instock","11":"taxable","12":"shipping-taxable","13":"purchasable","14":"product-type-simple"},"acf":[],"_links":{"self":[{"href":"https:\/\/noo.ee\/lv\/wp-json\/wp\/v2\/product\/111595","targetHints":{"allow":["GET"]}}],"collection":[{"href":"https:\/\/noo.ee\/lv\/wp-json\/wp\/v2\/product"}],"about":[{"href":"https:\/\/noo.ee\/lv\/wp-json\/wp\/v2\/types\/product"}],"version-history":[{"count":1,"href":"https:\/\/noo.ee\/lv\/wp-json\/wp\/v2\/product\/111595\/revisions"}],"predecessor-version":[{"id":112250,"href":"https:\/\/noo.ee\/lv\/wp-json\/wp\/v2\/product\/111595\/revisions\/112250"}],"wp:featuredmedia":[{"embeddable":true,"href":"https:\/\/noo.ee\/lv\/wp-json\/wp\/v2\/media\/111596"}],"wp:attachment":[{"href":"https:\/\/noo.ee\/lv\/wp-json\/wp\/v2\/media?parent=111595"}],"wp:term":[{"taxonomy":"product_brand","embeddable":true,"href":"https:\/\/noo.ee\/lv\/wp-json\/wp\/v2\/product_brand?post=111595"},{"taxonomy":"product_cat","embeddable":true,"href":"https:\/\/noo.ee\/lv\/wp-json\/wp\/v2\/product_cat?post=111595"},{"taxonomy":"product_tag","embeddable":true,"href":"https:\/\/noo.ee\/lv\/wp-json\/wp\/v2\/product_tag?post=111595"}],"curies":[{"name":"wp","href":"https:\/\/api.w.org\/{rel}","templated":true}]}}