{"id":111597,"date":"2025-10-01T14:50:49","date_gmt":"2025-10-01T11:50:49","guid":{"rendered":"https:\/\/noo.ee\/product\/noo-picu-skinkis-6x6-mm-21-kg\/"},"modified":"2026-04-15T10:57:43","modified_gmt":"2026-04-15T07:57:43","slug":"noo-picu-skinkis-6x6-mm-21-kg","status":"publish","type":"product","link":"https:\/\/noo.ee\/lv\/product\/noo-picu-skinkis-6x6-mm-21-kg\/","title":{"rendered":"N\u00f5o picu \u0161\u0137i\u0146\u0137is (6&#215;6 mm) 2,1 <span class=\"last-two-letters\">kg<\/span>"},"content":{"rendered":"","protected":false},"excerpt":{"rendered":"","protected":false},"featured_media":111598,"template":"","meta":{"_acf_changed":false},"product_brand":[],"product_cat":[357,190],"product_tag":[],"class_list":{"0":"post-111597","1":"product","2":"type-product","3":"status-publish","4":"has-post-thumbnail","6":"product_cat-skinki-un-galas-ruletes","7":"product_cat-horeca-lv","9":"first","10":"instock","11":"taxable","12":"shipping-taxable","13":"purchasable","14":"product-type-simple"},"acf":[],"_links":{"self":[{"href":"https:\/\/noo.ee\/lv\/wp-json\/wp\/v2\/product\/111597","targetHints":{"allow":["GET"]}}],"collection":[{"href":"https:\/\/noo.ee\/lv\/wp-json\/wp\/v2\/product"}],"about":[{"href":"https:\/\/noo.ee\/lv\/wp-json\/wp\/v2\/types\/product"}],"version-history":[{"count":1,"href":"https:\/\/noo.ee\/lv\/wp-json\/wp\/v2\/product\/111597\/revisions"}],"predecessor-version":[{"id":112251,"href":"https:\/\/noo.ee\/lv\/wp-json\/wp\/v2\/product\/111597\/revisions\/112251"}],"wp:featuredmedia":[{"embeddable":true,"href":"https:\/\/noo.ee\/lv\/wp-json\/wp\/v2\/media\/111598"}],"wp:attachment":[{"href":"https:\/\/noo.ee\/lv\/wp-json\/wp\/v2\/media?parent=111597"}],"wp:term":[{"taxonomy":"product_brand","embeddable":true,"href":"https:\/\/noo.ee\/lv\/wp-json\/wp\/v2\/product_brand?post=111597"},{"taxonomy":"product_cat","embeddable":true,"href":"https:\/\/noo.ee\/lv\/wp-json\/wp\/v2\/product_cat?post=111597"},{"taxonomy":"product_tag","embeddable":true,"href":"https:\/\/noo.ee\/lv\/wp-json\/wp\/v2\/product_tag?post=111597"}],"curies":[{"name":"wp","href":"https:\/\/api.w.org\/{rel}","templated":true}]}}