{"id":111617,"date":"2025-10-01T14:50:51","date_gmt":"2025-10-01T11:50:51","guid":{"rendered":"https:\/\/noo.ee\/product\/vasalu-varita-salami-105-g\/"},"modified":"2026-04-15T10:57:49","modified_gmt":"2026-04-15T07:57:49","slug":"vasalu-varita-salami-105-g","status":"publish","type":"product","link":"https:\/\/noo.ee\/lv\/product\/vasalu-varita-salami-105-g\/","title":{"rendered":"Vasa\u013cu v\u0101r\u012bta salami 105<span class=\"last-two-letters\"> g<\/span>"},"content":{"rendered":"","protected":false},"excerpt":{"rendered":"","protected":false},"featured_media":111618,"template":"","meta":{"_acf_changed":false},"product_brand":[],"product_cat":[359,207],"product_tag":[],"class_list":{"0":"post-111617","1":"product","2":"type-product","3":"status-publish","4":"has-post-thumbnail","6":"product_cat-salami","7":"product_cat-regularie-produkti","9":"first","10":"instock","11":"taxable","12":"shipping-taxable","13":"purchasable","14":"product-type-simple"},"acf":[],"_links":{"self":[{"href":"https:\/\/noo.ee\/lv\/wp-json\/wp\/v2\/product\/111617","targetHints":{"allow":["GET"]}}],"collection":[{"href":"https:\/\/noo.ee\/lv\/wp-json\/wp\/v2\/product"}],"about":[{"href":"https:\/\/noo.ee\/lv\/wp-json\/wp\/v2\/types\/product"}],"version-history":[{"count":1,"href":"https:\/\/noo.ee\/lv\/wp-json\/wp\/v2\/product\/111617\/revisions"}],"predecessor-version":[{"id":112261,"href":"https:\/\/noo.ee\/lv\/wp-json\/wp\/v2\/product\/111617\/revisions\/112261"}],"wp:featuredmedia":[{"embeddable":true,"href":"https:\/\/noo.ee\/lv\/wp-json\/wp\/v2\/media\/111618"}],"wp:attachment":[{"href":"https:\/\/noo.ee\/lv\/wp-json\/wp\/v2\/media?parent=111617"}],"wp:term":[{"taxonomy":"product_brand","embeddable":true,"href":"https:\/\/noo.ee\/lv\/wp-json\/wp\/v2\/product_brand?post=111617"},{"taxonomy":"product_cat","embeddable":true,"href":"https:\/\/noo.ee\/lv\/wp-json\/wp\/v2\/product_cat?post=111617"},{"taxonomy":"product_tag","embeddable":true,"href":"https:\/\/noo.ee\/lv\/wp-json\/wp\/v2\/product_tag?post=111617"}],"curies":[{"name":"wp","href":"https:\/\/api.w.org\/{rel}","templated":true}]}}