{"id":111643,"date":"2025-10-01T14:50:54","date_gmt":"2025-10-01T11:50:54","guid":{"rendered":"https:\/\/noo.ee\/product\/lacplesa-pilndumu-desa-250-g\/"},"modified":"2025-10-20T12:35:49","modified_gmt":"2025-10-20T09:35:49","slug":"lacplesa-pilndumu-desa-250-g","status":"publish","type":"product","link":"https:\/\/noo.ee\/lv\/product\/lacplesa-pilndumu-desa-250-g\/","title":{"rendered":"L\u0101\u010dpl\u0113\u0161a pilnd\u016bmu desa 250<span class=\"last-two-letters\"> g<\/span>"},"content":{"rendered":"","protected":false},"excerpt":{"rendered":"","protected":false},"featured_media":111644,"template":"","meta":{"_acf_changed":false},"product_brand":[],"product_cat":[297],"product_tag":[],"class_list":{"0":"post-111643","1":"product","2":"type-product","3":"status-publish","4":"has-post-thumbnail","6":"product_cat-pilndumu-desas","8":"first","9":"instock","10":"taxable","11":"shipping-taxable","12":"purchasable","13":"product-type-simple"},"acf":[],"_links":{"self":[{"href":"https:\/\/noo.ee\/lv\/wp-json\/wp\/v2\/product\/111643","targetHints":{"allow":["GET"]}}],"collection":[{"href":"https:\/\/noo.ee\/lv\/wp-json\/wp\/v2\/product"}],"about":[{"href":"https:\/\/noo.ee\/lv\/wp-json\/wp\/v2\/types\/product"}],"version-history":[{"count":1,"href":"https:\/\/noo.ee\/lv\/wp-json\/wp\/v2\/product\/111643\/revisions"}],"predecessor-version":[{"id":112274,"href":"https:\/\/noo.ee\/lv\/wp-json\/wp\/v2\/product\/111643\/revisions\/112274"}],"wp:featuredmedia":[{"embeddable":true,"href":"https:\/\/noo.ee\/lv\/wp-json\/wp\/v2\/media\/111644"}],"wp:attachment":[{"href":"https:\/\/noo.ee\/lv\/wp-json\/wp\/v2\/media?parent=111643"}],"wp:term":[{"taxonomy":"product_brand","embeddable":true,"href":"https:\/\/noo.ee\/lv\/wp-json\/wp\/v2\/product_brand?post=111643"},{"taxonomy":"product_cat","embeddable":true,"href":"https:\/\/noo.ee\/lv\/wp-json\/wp\/v2\/product_cat?post=111643"},{"taxonomy":"product_tag","embeddable":true,"href":"https:\/\/noo.ee\/lv\/wp-json\/wp\/v2\/product_tag?post=111643"}],"curies":[{"name":"wp","href":"https:\/\/api.w.org\/{rel}","templated":true}]}}