{"id":111647,"date":"2025-10-01T14:50:55","date_gmt":"2025-10-01T11:50:55","guid":{"rendered":"https:\/\/noo.ee\/product\/krakovas-puszaveta-desa-270-g\/"},"modified":"2026-04-15T10:57:58","modified_gmt":"2026-04-15T07:57:58","slug":"krakovas-puszaveta-desa-270-g","status":"publish","type":"product","link":"https:\/\/noo.ee\/lv\/product\/krakovas-puszaveta-desa-270-g\/","title":{"rendered":"Krakovas pus\u017e\u0101v\u0113t\u0101 desa 270<span class=\"last-two-letters\"> g<\/span>"},"content":{"rendered":"","protected":false},"excerpt":{"rendered":"","protected":false},"featured_media":111648,"template":"","meta":{"_acf_changed":false},"product_brand":[],"product_cat":[292],"product_tag":[],"class_list":{"0":"post-111647","1":"product","2":"type-product","3":"status-publish","4":"has-post-thumbnail","6":"product_cat-puszavetas-desas","8":"first","9":"instock","10":"taxable","11":"shipping-taxable","12":"purchasable","13":"product-type-simple"},"acf":[],"_links":{"self":[{"href":"https:\/\/noo.ee\/lv\/wp-json\/wp\/v2\/product\/111647","targetHints":{"allow":["GET"]}}],"collection":[{"href":"https:\/\/noo.ee\/lv\/wp-json\/wp\/v2\/product"}],"about":[{"href":"https:\/\/noo.ee\/lv\/wp-json\/wp\/v2\/types\/product"}],"version-history":[{"count":1,"href":"https:\/\/noo.ee\/lv\/wp-json\/wp\/v2\/product\/111647\/revisions"}],"predecessor-version":[{"id":112276,"href":"https:\/\/noo.ee\/lv\/wp-json\/wp\/v2\/product\/111647\/revisions\/112276"}],"wp:featuredmedia":[{"embeddable":true,"href":"https:\/\/noo.ee\/lv\/wp-json\/wp\/v2\/media\/111648"}],"wp:attachment":[{"href":"https:\/\/noo.ee\/lv\/wp-json\/wp\/v2\/media?parent=111647"}],"wp:term":[{"taxonomy":"product_brand","embeddable":true,"href":"https:\/\/noo.ee\/lv\/wp-json\/wp\/v2\/product_brand?post=111647"},{"taxonomy":"product_cat","embeddable":true,"href":"https:\/\/noo.ee\/lv\/wp-json\/wp\/v2\/product_cat?post=111647"},{"taxonomy":"product_tag","embeddable":true,"href":"https:\/\/noo.ee\/lv\/wp-json\/wp\/v2\/product_tag?post=111647"}],"curies":[{"name":"wp","href":"https:\/\/api.w.org\/{rel}","templated":true}]}}