{"id":111653,"date":"2025-10-01T14:50:55","date_gmt":"2025-10-01T11:50:55","guid":{"rendered":"https:\/\/noo.ee\/product\/tautiesa-puszaveta-desa-135-g\/"},"modified":"2025-10-20T12:35:50","modified_gmt":"2025-10-20T09:35:50","slug":"tautiesa-puszaveta-desa-135-g","status":"publish","type":"product","link":"https:\/\/noo.ee\/lv\/product\/tautiesa-puszaveta-desa-135-g\/","title":{"rendered":"Tautie\u0161a pus\u017e\u0101v\u0113t\u0101 desa 135<span class=\"last-two-letters\"> g<\/span>"},"content":{"rendered":"","protected":false},"excerpt":{"rendered":"","protected":false},"featured_media":111654,"template":"","meta":{"_acf_changed":false},"product_brand":[],"product_cat":[292],"product_tag":[],"class_list":{"0":"post-111653","1":"product","2":"type-product","3":"status-publish","4":"has-post-thumbnail","6":"product_cat-puszavetas-desas","8":"first","9":"instock","10":"taxable","11":"shipping-taxable","12":"purchasable","13":"product-type-simple"},"acf":[],"_links":{"self":[{"href":"https:\/\/noo.ee\/lv\/wp-json\/wp\/v2\/product\/111653","targetHints":{"allow":["GET"]}}],"collection":[{"href":"https:\/\/noo.ee\/lv\/wp-json\/wp\/v2\/product"}],"about":[{"href":"https:\/\/noo.ee\/lv\/wp-json\/wp\/v2\/types\/product"}],"version-history":[{"count":1,"href":"https:\/\/noo.ee\/lv\/wp-json\/wp\/v2\/product\/111653\/revisions"}],"predecessor-version":[{"id":112279,"href":"https:\/\/noo.ee\/lv\/wp-json\/wp\/v2\/product\/111653\/revisions\/112279"}],"wp:featuredmedia":[{"embeddable":true,"href":"https:\/\/noo.ee\/lv\/wp-json\/wp\/v2\/media\/111654"}],"wp:attachment":[{"href":"https:\/\/noo.ee\/lv\/wp-json\/wp\/v2\/media?parent=111653"}],"wp:term":[{"taxonomy":"product_brand","embeddable":true,"href":"https:\/\/noo.ee\/lv\/wp-json\/wp\/v2\/product_brand?post=111653"},{"taxonomy":"product_cat","embeddable":true,"href":"https:\/\/noo.ee\/lv\/wp-json\/wp\/v2\/product_cat?post=111653"},{"taxonomy":"product_tag","embeddable":true,"href":"https:\/\/noo.ee\/lv\/wp-json\/wp\/v2\/product_tag?post=111653"}],"curies":[{"name":"wp","href":"https:\/\/api.w.org\/{rel}","templated":true}]}}