{"id":111677,"date":"2025-10-01T14:50:58","date_gmt":"2025-10-01T11:50:58","guid":{"rendered":"https:\/\/noo.ee\/product\/vistu-skinkisi-b-k-kupinat-300-g\/"},"modified":"2025-10-20T12:35:52","modified_gmt":"2025-10-20T09:35:52","slug":"vistu-skinkisi-b-k-kupinat-300-g","status":"publish","type":"product","link":"https:\/\/noo.ee\/lv\/product\/vistu-skinkisi-b-k-kupinat-300-g\/","title":{"rendered":"Vistu \u0161\u0137i\u0146\u0137\u012b\u0161i b\/k k\u016bpin\u0101t ~300<span class=\"last-two-letters\"> g<\/span>"},"content":{"rendered":"","protected":false},"excerpt":{"rendered":"","protected":false},"featured_media":111678,"template":"","meta":{"_acf_changed":false},"product_brand":[],"product_cat":[],"product_tag":[],"class_list":{"0":"post-111677","1":"product","2":"type-product","3":"status-publish","4":"has-post-thumbnail","7":"first","8":"instock","9":"taxable","10":"shipping-taxable","11":"purchasable","12":"product-type-simple"},"acf":[],"_links":{"self":[{"href":"https:\/\/noo.ee\/lv\/wp-json\/wp\/v2\/product\/111677","targetHints":{"allow":["GET"]}}],"collection":[{"href":"https:\/\/noo.ee\/lv\/wp-json\/wp\/v2\/product"}],"about":[{"href":"https:\/\/noo.ee\/lv\/wp-json\/wp\/v2\/types\/product"}],"version-history":[{"count":1,"href":"https:\/\/noo.ee\/lv\/wp-json\/wp\/v2\/product\/111677\/revisions"}],"predecessor-version":[{"id":112291,"href":"https:\/\/noo.ee\/lv\/wp-json\/wp\/v2\/product\/111677\/revisions\/112291"}],"wp:featuredmedia":[{"embeddable":true,"href":"https:\/\/noo.ee\/lv\/wp-json\/wp\/v2\/media\/111678"}],"wp:attachment":[{"href":"https:\/\/noo.ee\/lv\/wp-json\/wp\/v2\/media?parent=111677"}],"wp:term":[{"taxonomy":"product_brand","embeddable":true,"href":"https:\/\/noo.ee\/lv\/wp-json\/wp\/v2\/product_brand?post=111677"},{"taxonomy":"product_cat","embeddable":true,"href":"https:\/\/noo.ee\/lv\/wp-json\/wp\/v2\/product_cat?post=111677"},{"taxonomy":"product_tag","embeddable":true,"href":"https:\/\/noo.ee\/lv\/wp-json\/wp\/v2\/product_tag?post=111677"}],"curies":[{"name":"wp","href":"https:\/\/api.w.org\/{rel}","templated":true}]}}