{"id":111681,"date":"2025-10-01T14:50:58","date_gmt":"2025-10-01T11:50:58","guid":{"rendered":"https:\/\/noo.ee\/product\/cepta-vistas-fileja-skeles-21-kg\/"},"modified":"2026-04-15T10:58:07","modified_gmt":"2026-04-15T07:58:07","slug":"cepta-vistas-fileja-skeles-21-kg","status":"publish","type":"product","link":"https:\/\/noo.ee\/lv\/product\/cepta-vistas-fileja-skeles-21-kg\/","title":{"rendered":"Cepta vistas fileja \u0161\u0137\u0113l\u0113s 2,1 <span class=\"last-two-letters\">kg<\/span>"},"content":{"rendered":"","protected":false},"excerpt":{"rendered":"","protected":false},"featured_media":111682,"template":"","meta":{"_acf_changed":false},"product_brand":[],"product_cat":[331,190],"product_tag":[],"class_list":{"0":"post-111681","1":"product","2":"type-product","3":"status-publish","4":"has-post-thumbnail","6":"product_cat-grileti-un-kupinati-putnu-galas-produkti","7":"product_cat-horeca-lv","9":"first","10":"instock","11":"taxable","12":"shipping-taxable","13":"purchasable","14":"product-type-simple"},"acf":[],"_links":{"self":[{"href":"https:\/\/noo.ee\/lv\/wp-json\/wp\/v2\/product\/111681","targetHints":{"allow":["GET"]}}],"collection":[{"href":"https:\/\/noo.ee\/lv\/wp-json\/wp\/v2\/product"}],"about":[{"href":"https:\/\/noo.ee\/lv\/wp-json\/wp\/v2\/types\/product"}],"version-history":[{"count":1,"href":"https:\/\/noo.ee\/lv\/wp-json\/wp\/v2\/product\/111681\/revisions"}],"predecessor-version":[{"id":112293,"href":"https:\/\/noo.ee\/lv\/wp-json\/wp\/v2\/product\/111681\/revisions\/112293"}],"wp:featuredmedia":[{"embeddable":true,"href":"https:\/\/noo.ee\/lv\/wp-json\/wp\/v2\/media\/111682"}],"wp:attachment":[{"href":"https:\/\/noo.ee\/lv\/wp-json\/wp\/v2\/media?parent=111681"}],"wp:term":[{"taxonomy":"product_brand","embeddable":true,"href":"https:\/\/noo.ee\/lv\/wp-json\/wp\/v2\/product_brand?post=111681"},{"taxonomy":"product_cat","embeddable":true,"href":"https:\/\/noo.ee\/lv\/wp-json\/wp\/v2\/product_cat?post=111681"},{"taxonomy":"product_tag","embeddable":true,"href":"https:\/\/noo.ee\/lv\/wp-json\/wp\/v2\/product_tag?post=111681"}],"curies":[{"name":"wp","href":"https:\/\/api.w.org\/{rel}","templated":true}]}}