{"id":111685,"date":"2025-10-01T14:50:59","date_gmt":"2025-10-01T11:50:59","guid":{"rendered":"https:\/\/noo.ee\/product\/kupinatas-vistas-kubini-14x14-mm-21-kg\/"},"modified":"2025-10-20T12:35:53","modified_gmt":"2025-10-20T09:35:53","slug":"kupinatas-vistas-kubini-14x14-mm-21-kg","status":"publish","type":"product","link":"https:\/\/noo.ee\/lv\/product\/kupinatas-vistas-kubini-14x14-mm-21-kg\/","title":{"rendered":"K\u016bpin\u0101tas vistas kubi\u0146i (14&#215;14 mm) 2,1 <span class=\"last-two-letters\">kg<\/span>"},"content":{"rendered":"","protected":false},"excerpt":{"rendered":"","protected":false},"featured_media":111686,"template":"","meta":{"_acf_changed":false},"product_brand":[],"product_cat":[190],"product_tag":[],"class_list":{"0":"post-111685","1":"product","2":"type-product","3":"status-publish","4":"has-post-thumbnail","6":"product_cat-horeca-lv","8":"first","9":"outofstock","10":"taxable","11":"shipping-taxable","12":"purchasable","13":"product-type-simple"},"acf":[],"_links":{"self":[{"href":"https:\/\/noo.ee\/lv\/wp-json\/wp\/v2\/product\/111685","targetHints":{"allow":["GET"]}}],"collection":[{"href":"https:\/\/noo.ee\/lv\/wp-json\/wp\/v2\/product"}],"about":[{"href":"https:\/\/noo.ee\/lv\/wp-json\/wp\/v2\/types\/product"}],"version-history":[{"count":1,"href":"https:\/\/noo.ee\/lv\/wp-json\/wp\/v2\/product\/111685\/revisions"}],"predecessor-version":[{"id":112295,"href":"https:\/\/noo.ee\/lv\/wp-json\/wp\/v2\/product\/111685\/revisions\/112295"}],"wp:featuredmedia":[{"embeddable":true,"href":"https:\/\/noo.ee\/lv\/wp-json\/wp\/v2\/media\/111686"}],"wp:attachment":[{"href":"https:\/\/noo.ee\/lv\/wp-json\/wp\/v2\/media?parent=111685"}],"wp:term":[{"taxonomy":"product_brand","embeddable":true,"href":"https:\/\/noo.ee\/lv\/wp-json\/wp\/v2\/product_brand?post=111685"},{"taxonomy":"product_cat","embeddable":true,"href":"https:\/\/noo.ee\/lv\/wp-json\/wp\/v2\/product_cat?post=111685"},{"taxonomy":"product_tag","embeddable":true,"href":"https:\/\/noo.ee\/lv\/wp-json\/wp\/v2\/product_tag?post=111685"}],"curies":[{"name":"wp","href":"https:\/\/api.w.org\/{rel}","templated":true}]}}