{"id":111699,"date":"2025-10-01T14:50:59","date_gmt":"2025-10-01T11:50:59","guid":{"rendered":"https:\/\/noo.ee\/product\/pilu-aknu-pastete-200-g\/"},"modified":"2026-04-15T10:58:12","modified_gmt":"2026-04-15T07:58:12","slug":"pilu-aknu-pastete-200-g","status":"publish","type":"product","link":"https:\/\/noo.ee\/lv\/product\/pilu-aknu-pastete-200-g\/","title":{"rendered":"P\u012b\u013cu aknu past\u0113te 200<span class=\"last-two-letters\"> g<\/span>"},"content":{"rendered":"","protected":false},"excerpt":{"rendered":"","protected":false},"featured_media":111700,"template":"","meta":{"_acf_changed":false},"product_brand":[],"product_cat":[291,207],"product_tag":[],"class_list":{"0":"post-111699","1":"product","2":"type-product","3":"status-publish","4":"has-post-thumbnail","6":"product_cat-pastetes","7":"product_cat-regularie-produkti","9":"first","10":"outofstock","11":"taxable","12":"shipping-taxable","13":"purchasable","14":"product-type-simple"},"acf":[],"_links":{"self":[{"href":"https:\/\/noo.ee\/lv\/wp-json\/wp\/v2\/product\/111699","targetHints":{"allow":["GET"]}}],"collection":[{"href":"https:\/\/noo.ee\/lv\/wp-json\/wp\/v2\/product"}],"about":[{"href":"https:\/\/noo.ee\/lv\/wp-json\/wp\/v2\/types\/product"}],"version-history":[{"count":1,"href":"https:\/\/noo.ee\/lv\/wp-json\/wp\/v2\/product\/111699\/revisions"}],"predecessor-version":[{"id":113289,"href":"https:\/\/noo.ee\/lv\/wp-json\/wp\/v2\/product\/111699\/revisions\/113289"}],"wp:featuredmedia":[{"embeddable":true,"href":"https:\/\/noo.ee\/lv\/wp-json\/wp\/v2\/media\/111700"}],"wp:attachment":[{"href":"https:\/\/noo.ee\/lv\/wp-json\/wp\/v2\/media?parent=111699"}],"wp:term":[{"taxonomy":"product_brand","embeddable":true,"href":"https:\/\/noo.ee\/lv\/wp-json\/wp\/v2\/product_brand?post=111699"},{"taxonomy":"product_cat","embeddable":true,"href":"https:\/\/noo.ee\/lv\/wp-json\/wp\/v2\/product_cat?post=111699"},{"taxonomy":"product_tag","embeddable":true,"href":"https:\/\/noo.ee\/lv\/wp-json\/wp\/v2\/product_tag?post=111699"}],"curies":[{"name":"wp","href":"https:\/\/api.w.org\/{rel}","templated":true}]}}