{"id":111709,"date":"2025-10-01T14:51:00","date_gmt":"2025-10-01T11:51:00","guid":{"rendered":"https:\/\/noo.ee\/product\/97-galas-cisini-310-g\/"},"modified":"2026-04-15T10:58:15","modified_gmt":"2026-04-15T07:58:15","slug":"97-galas-cisini-310-g","status":"publish","type":"product","link":"https:\/\/noo.ee\/lv\/product\/97-galas-cisini-310-g\/","title":{"rendered":"97% ga\u013cas c\u012bsi\u0146i 310<span class=\"last-two-letters\"> g<\/span>"},"content":{"rendered":"","protected":false},"excerpt":{"rendered":"","protected":false},"featured_media":111710,"template":"","meta":{"_acf_changed":false},"product_brand":[],"product_cat":[360],"product_tag":[],"class_list":{"0":"post-111709","1":"product","2":"type-product","3":"status-publish","4":"has-post-thumbnail","6":"product_cat-sardeles-un-cisini","8":"first","9":"instock","10":"taxable","11":"shipping-taxable","12":"purchasable","13":"product-type-simple"},"acf":[],"_links":{"self":[{"href":"https:\/\/noo.ee\/lv\/wp-json\/wp\/v2\/product\/111709","targetHints":{"allow":["GET"]}}],"collection":[{"href":"https:\/\/noo.ee\/lv\/wp-json\/wp\/v2\/product"}],"about":[{"href":"https:\/\/noo.ee\/lv\/wp-json\/wp\/v2\/types\/product"}],"version-history":[{"count":1,"href":"https:\/\/noo.ee\/lv\/wp-json\/wp\/v2\/product\/111709\/revisions"}],"predecessor-version":[{"id":112307,"href":"https:\/\/noo.ee\/lv\/wp-json\/wp\/v2\/product\/111709\/revisions\/112307"}],"wp:featuredmedia":[{"embeddable":true,"href":"https:\/\/noo.ee\/lv\/wp-json\/wp\/v2\/media\/111710"}],"wp:attachment":[{"href":"https:\/\/noo.ee\/lv\/wp-json\/wp\/v2\/media?parent=111709"}],"wp:term":[{"taxonomy":"product_brand","embeddable":true,"href":"https:\/\/noo.ee\/lv\/wp-json\/wp\/v2\/product_brand?post=111709"},{"taxonomy":"product_cat","embeddable":true,"href":"https:\/\/noo.ee\/lv\/wp-json\/wp\/v2\/product_cat?post=111709"},{"taxonomy":"product_tag","embeddable":true,"href":"https:\/\/noo.ee\/lv\/wp-json\/wp\/v2\/product_tag?post=111709"}],"curies":[{"name":"wp","href":"https:\/\/api.w.org\/{rel}","templated":true}]}}