{"id":111757,"date":"2025-10-01T14:51:09","date_gmt":"2025-10-01T11:51:09","guid":{"rendered":"https:\/\/noo.ee\/product\/puszaveta-desa-ar-kadikos-kupinatu-sieru-250-g\/"},"modified":"2025-10-20T12:35:59","modified_gmt":"2025-10-20T09:35:59","slug":"puszaveta-desa-ar-kadikos-kupinatu-sieru-250-g","status":"publish","type":"product","link":"https:\/\/noo.ee\/lv\/product\/puszaveta-desa-ar-kadikos-kupinatu-sieru-250-g\/","title":{"rendered":"Pus\u017e\u0101v\u0113t\u0101 desa ar kadi\u0137os k\u016bpin\u0101tu sieru 250<span class=\"last-two-letters\"> g<\/span>"},"content":{"rendered":"","protected":false},"excerpt":{"rendered":"","protected":false},"featured_media":111758,"template":"","meta":{"_acf_changed":false},"product_brand":[],"product_cat":[292],"product_tag":[],"class_list":{"0":"post-111757","1":"product","2":"type-product","3":"status-publish","4":"has-post-thumbnail","6":"product_cat-puszavetas-desas","8":"first","9":"instock","10":"taxable","11":"shipping-taxable","12":"purchasable","13":"product-type-simple"},"acf":[],"_links":{"self":[{"href":"https:\/\/noo.ee\/lv\/wp-json\/wp\/v2\/product\/111757","targetHints":{"allow":["GET"]}}],"collection":[{"href":"https:\/\/noo.ee\/lv\/wp-json\/wp\/v2\/product"}],"about":[{"href":"https:\/\/noo.ee\/lv\/wp-json\/wp\/v2\/types\/product"}],"version-history":[{"count":1,"href":"https:\/\/noo.ee\/lv\/wp-json\/wp\/v2\/product\/111757\/revisions"}],"predecessor-version":[{"id":112331,"href":"https:\/\/noo.ee\/lv\/wp-json\/wp\/v2\/product\/111757\/revisions\/112331"}],"wp:featuredmedia":[{"embeddable":true,"href":"https:\/\/noo.ee\/lv\/wp-json\/wp\/v2\/media\/111758"}],"wp:attachment":[{"href":"https:\/\/noo.ee\/lv\/wp-json\/wp\/v2\/media?parent=111757"}],"wp:term":[{"taxonomy":"product_brand","embeddable":true,"href":"https:\/\/noo.ee\/lv\/wp-json\/wp\/v2\/product_brand?post=111757"},{"taxonomy":"product_cat","embeddable":true,"href":"https:\/\/noo.ee\/lv\/wp-json\/wp\/v2\/product_cat?post=111757"},{"taxonomy":"product_tag","embeddable":true,"href":"https:\/\/noo.ee\/lv\/wp-json\/wp\/v2\/product_tag?post=111757"}],"curies":[{"name":"wp","href":"https:\/\/api.w.org\/{rel}","templated":true}]}}