{"id":111759,"date":"2025-10-01T14:51:08","date_gmt":"2025-10-01T11:51:08","guid":{"rendered":"https:\/\/noo.ee\/product\/cala-galas-puszaveta-desa-fitlap-105-g\/"},"modified":"2026-04-15T10:58:35","modified_gmt":"2026-04-15T07:58:35","slug":"cala-galas-puszaveta-desa-fitlap-105-g","status":"publish","type":"product","link":"https:\/\/noo.ee\/lv\/product\/cala-galas-puszaveta-desa-fitlap-105-g\/","title":{"rendered":"C\u0101\u013ca ga\u013cas pus\u017e\u0101v\u0113t\u0101 desa, Fitlap 105<span class=\"last-two-letters\"> g<\/span>"},"content":{"rendered":"","protected":false},"excerpt":{"rendered":"","protected":false},"featured_media":111760,"template":"","meta":{"_acf_changed":false},"product_brand":[],"product_cat":[292],"product_tag":[],"class_list":{"0":"post-111759","1":"product","2":"type-product","3":"status-publish","4":"has-post-thumbnail","6":"product_cat-puszavetas-desas","8":"first","9":"instock","10":"taxable","11":"shipping-taxable","12":"purchasable","13":"product-type-simple"},"acf":[],"_links":{"self":[{"href":"https:\/\/noo.ee\/lv\/wp-json\/wp\/v2\/product\/111759","targetHints":{"allow":["GET"]}}],"collection":[{"href":"https:\/\/noo.ee\/lv\/wp-json\/wp\/v2\/product"}],"about":[{"href":"https:\/\/noo.ee\/lv\/wp-json\/wp\/v2\/types\/product"}],"version-history":[{"count":1,"href":"https:\/\/noo.ee\/lv\/wp-json\/wp\/v2\/product\/111759\/revisions"}],"predecessor-version":[{"id":112332,"href":"https:\/\/noo.ee\/lv\/wp-json\/wp\/v2\/product\/111759\/revisions\/112332"}],"wp:featuredmedia":[{"embeddable":true,"href":"https:\/\/noo.ee\/lv\/wp-json\/wp\/v2\/media\/111760"}],"wp:attachment":[{"href":"https:\/\/noo.ee\/lv\/wp-json\/wp\/v2\/media?parent=111759"}],"wp:term":[{"taxonomy":"product_brand","embeddable":true,"href":"https:\/\/noo.ee\/lv\/wp-json\/wp\/v2\/product_brand?post=111759"},{"taxonomy":"product_cat","embeddable":true,"href":"https:\/\/noo.ee\/lv\/wp-json\/wp\/v2\/product_cat?post=111759"},{"taxonomy":"product_tag","embeddable":true,"href":"https:\/\/noo.ee\/lv\/wp-json\/wp\/v2\/product_tag?post=111759"}],"curies":[{"name":"wp","href":"https:\/\/api.w.org\/{rel}","templated":true}]}}