{"id":111781,"date":"2025-10-01T14:51:22","date_gmt":"2025-10-01T11:51:22","guid":{"rendered":"https:\/\/noo.ee\/product\/cukgalas-rulete-ar-meli-un-sampinjoniem-100-g\/"},"modified":"2026-04-15T10:58:44","modified_gmt":"2026-04-15T07:58:44","slug":"cukgalas-rulete-ar-meli-un-sampinjoniem-100-g","status":"publish","type":"product","link":"https:\/\/noo.ee\/lv\/product\/cukgalas-rulete-ar-meli-un-sampinjoniem-100-g\/","title":{"rendered":"C\u016bkga\u013cas rulete ar m\u0113li un \u0161ampinjoniem 100<span class=\"last-two-letters\"> g<\/span>"},"content":{"rendered":"","protected":false},"excerpt":{"rendered":"","protected":false},"featured_media":111782,"template":"","meta":{"_acf_changed":false},"product_brand":[],"product_cat":[357],"product_tag":[],"class_list":{"0":"post-111781","1":"product","2":"type-product","3":"status-publish","4":"has-post-thumbnail","6":"product_cat-skinki-un-galas-ruletes","8":"first","9":"outofstock","10":"taxable","11":"shipping-taxable","12":"purchasable","13":"product-type-simple"},"acf":[],"_links":{"self":[{"href":"https:\/\/noo.ee\/lv\/wp-json\/wp\/v2\/product\/111781","targetHints":{"allow":["GET"]}}],"collection":[{"href":"https:\/\/noo.ee\/lv\/wp-json\/wp\/v2\/product"}],"about":[{"href":"https:\/\/noo.ee\/lv\/wp-json\/wp\/v2\/types\/product"}],"version-history":[{"count":1,"href":"https:\/\/noo.ee\/lv\/wp-json\/wp\/v2\/product\/111781\/revisions"}],"predecessor-version":[{"id":112342,"href":"https:\/\/noo.ee\/lv\/wp-json\/wp\/v2\/product\/111781\/revisions\/112342"}],"wp:featuredmedia":[{"embeddable":true,"href":"https:\/\/noo.ee\/lv\/wp-json\/wp\/v2\/media\/111782"}],"wp:attachment":[{"href":"https:\/\/noo.ee\/lv\/wp-json\/wp\/v2\/media?parent=111781"}],"wp:term":[{"taxonomy":"product_brand","embeddable":true,"href":"https:\/\/noo.ee\/lv\/wp-json\/wp\/v2\/product_brand?post=111781"},{"taxonomy":"product_cat","embeddable":true,"href":"https:\/\/noo.ee\/lv\/wp-json\/wp\/v2\/product_cat?post=111781"},{"taxonomy":"product_tag","embeddable":true,"href":"https:\/\/noo.ee\/lv\/wp-json\/wp\/v2\/product_tag?post=111781"}],"curies":[{"name":"wp","href":"https:\/\/api.w.org\/{rel}","templated":true}]}}