{"id":111790,"date":"2025-10-14T08:14:10","date_gmt":"2025-10-14T05:14:10","guid":{"rendered":"https:\/\/noo.ee\/product\/auksti-kupinats-bekons-skeles-500-g\/"},"modified":"2026-04-15T10:58:46","modified_gmt":"2026-04-15T07:58:46","slug":"auksti-kupinats-bekons-skeles-500-g","status":"publish","type":"product","link":"https:\/\/noo.ee\/lv\/product\/auksti-kupinats-bekons-skeles-500-g\/","title":{"rendered":"Auksti k\u016bpin\u0101ts bekons \u0161\u0137\u0113l\u0113s 500<span class=\"last-two-letters\"> g<\/span>"},"content":{"rendered":"","protected":false},"excerpt":{"rendered":"","protected":false},"featured_media":111791,"template":"","meta":{"_acf_changed":false},"product_brand":[],"product_cat":[401],"product_tag":[],"class_list":{"0":"post-111790","1":"product","2":"type-product","3":"status-publish","4":"has-post-thumbnail","6":"product_cat-auksti-kupinata-cukgala","8":"first","9":"outofstock","10":"purchasable","11":"product-type-simple"},"acf":[],"_links":{"self":[{"href":"https:\/\/noo.ee\/lv\/wp-json\/wp\/v2\/product\/111790","targetHints":{"allow":["GET"]}}],"collection":[{"href":"https:\/\/noo.ee\/lv\/wp-json\/wp\/v2\/product"}],"about":[{"href":"https:\/\/noo.ee\/lv\/wp-json\/wp\/v2\/types\/product"}],"version-history":[{"count":1,"href":"https:\/\/noo.ee\/lv\/wp-json\/wp\/v2\/product\/111790\/revisions"}],"predecessor-version":[{"id":112347,"href":"https:\/\/noo.ee\/lv\/wp-json\/wp\/v2\/product\/111790\/revisions\/112347"}],"wp:featuredmedia":[{"embeddable":true,"href":"https:\/\/noo.ee\/lv\/wp-json\/wp\/v2\/media\/111791"}],"wp:attachment":[{"href":"https:\/\/noo.ee\/lv\/wp-json\/wp\/v2\/media?parent=111790"}],"wp:term":[{"taxonomy":"product_brand","embeddable":true,"href":"https:\/\/noo.ee\/lv\/wp-json\/wp\/v2\/product_brand?post=111790"},{"taxonomy":"product_cat","embeddable":true,"href":"https:\/\/noo.ee\/lv\/wp-json\/wp\/v2\/product_cat?post=111790"},{"taxonomy":"product_tag","embeddable":true,"href":"https:\/\/noo.ee\/lv\/wp-json\/wp\/v2\/product_tag?post=111790"}],"curies":[{"name":"wp","href":"https:\/\/api.w.org\/{rel}","templated":true}]}}