{"id":111792,"date":"2025-10-01T14:51:09","date_gmt":"2025-10-01T11:51:09","guid":{"rendered":"https:\/\/noo.ee\/product\/varita-desa-ar-sieru-400-g\/"},"modified":"2026-04-15T10:58:46","modified_gmt":"2026-04-15T07:58:46","slug":"varita-desa-ar-sieru-400-g","status":"publish","type":"product","link":"https:\/\/noo.ee\/lv\/product\/varita-desa-ar-sieru-400-g\/","title":{"rendered":"V\u0101r\u012bt\u0101 desa ar sieru 400<span class=\"last-two-letters\"> g<\/span>"},"content":{"rendered":"","protected":false},"excerpt":{"rendered":"","protected":false},"featured_media":111793,"template":"","meta":{"_acf_changed":false},"product_brand":[],"product_cat":[289],"product_tag":[],"class_list":{"0":"post-111792","1":"product","2":"type-product","3":"status-publish","4":"has-post-thumbnail","6":"product_cat-varitas-desas","8":"first","9":"instock","10":"taxable","11":"shipping-taxable","12":"purchasable","13":"product-type-simple"},"acf":[],"_links":{"self":[{"href":"https:\/\/noo.ee\/lv\/wp-json\/wp\/v2\/product\/111792","targetHints":{"allow":["GET"]}}],"collection":[{"href":"https:\/\/noo.ee\/lv\/wp-json\/wp\/v2\/product"}],"about":[{"href":"https:\/\/noo.ee\/lv\/wp-json\/wp\/v2\/types\/product"}],"version-history":[{"count":1,"href":"https:\/\/noo.ee\/lv\/wp-json\/wp\/v2\/product\/111792\/revisions"}],"predecessor-version":[{"id":112348,"href":"https:\/\/noo.ee\/lv\/wp-json\/wp\/v2\/product\/111792\/revisions\/112348"}],"wp:featuredmedia":[{"embeddable":true,"href":"https:\/\/noo.ee\/lv\/wp-json\/wp\/v2\/media\/111793"}],"wp:attachment":[{"href":"https:\/\/noo.ee\/lv\/wp-json\/wp\/v2\/media?parent=111792"}],"wp:term":[{"taxonomy":"product_brand","embeddable":true,"href":"https:\/\/noo.ee\/lv\/wp-json\/wp\/v2\/product_brand?post=111792"},{"taxonomy":"product_cat","embeddable":true,"href":"https:\/\/noo.ee\/lv\/wp-json\/wp\/v2\/product_cat?post=111792"},{"taxonomy":"product_tag","embeddable":true,"href":"https:\/\/noo.ee\/lv\/wp-json\/wp\/v2\/product_tag?post=111792"}],"curies":[{"name":"wp","href":"https:\/\/api.w.org\/{rel}","templated":true}]}}