{"id":111796,"date":"2025-10-14T08:14:10","date_gmt":"2025-10-14T05:14:10","guid":{"rendered":"https:\/\/noo.ee\/product\/noo-varita-salami-ar-melanjiem-pipariem-105-g\/"},"modified":"2025-10-20T12:36:03","modified_gmt":"2025-10-20T09:36:03","slug":"noo-varita-salami-ar-melanjiem-pipariem-105-g","status":"publish","type":"product","link":"https:\/\/noo.ee\/lv\/product\/noo-varita-salami-ar-melanjiem-pipariem-105-g\/","title":{"rendered":"N\u00f5o v\u0101r\u012bta salami ar melanjiem pipariem 105<span class=\"last-two-letters\"> g<\/span>"},"content":{"rendered":"","protected":false},"excerpt":{"rendered":"","protected":false},"featured_media":111797,"template":"","meta":{"_acf_changed":false},"product_brand":[],"product_cat":[359],"product_tag":[],"class_list":{"0":"post-111796","1":"product","2":"type-product","3":"status-publish","4":"has-post-thumbnail","6":"product_cat-salami","8":"first","9":"outofstock","10":"purchasable","11":"product-type-simple"},"acf":[],"_links":{"self":[{"href":"https:\/\/noo.ee\/lv\/wp-json\/wp\/v2\/product\/111796","targetHints":{"allow":["GET"]}}],"collection":[{"href":"https:\/\/noo.ee\/lv\/wp-json\/wp\/v2\/product"}],"about":[{"href":"https:\/\/noo.ee\/lv\/wp-json\/wp\/v2\/types\/product"}],"version-history":[{"count":1,"href":"https:\/\/noo.ee\/lv\/wp-json\/wp\/v2\/product\/111796\/revisions"}],"predecessor-version":[{"id":112351,"href":"https:\/\/noo.ee\/lv\/wp-json\/wp\/v2\/product\/111796\/revisions\/112351"}],"wp:featuredmedia":[{"embeddable":true,"href":"https:\/\/noo.ee\/lv\/wp-json\/wp\/v2\/media\/111797"}],"wp:attachment":[{"href":"https:\/\/noo.ee\/lv\/wp-json\/wp\/v2\/media?parent=111796"}],"wp:term":[{"taxonomy":"product_brand","embeddable":true,"href":"https:\/\/noo.ee\/lv\/wp-json\/wp\/v2\/product_brand?post=111796"},{"taxonomy":"product_cat","embeddable":true,"href":"https:\/\/noo.ee\/lv\/wp-json\/wp\/v2\/product_cat?post=111796"},{"taxonomy":"product_tag","embeddable":true,"href":"https:\/\/noo.ee\/lv\/wp-json\/wp\/v2\/product_tag?post=111796"}],"curies":[{"name":"wp","href":"https:\/\/api.w.org\/{rel}","templated":true}]}}