{"id":111822,"date":"2025-10-14T08:14:13","date_gmt":"2025-10-14T05:14:13","guid":{"rendered":"https:\/\/noo.ee\/product\/omes-frikadeles-cala-galas-saldetas-350-g\/"},"modified":"2026-04-15T10:58:55","modified_gmt":"2026-04-15T07:58:55","slug":"omes-frikadeles-cala-galas-saldetas-350-g","status":"publish","type":"product","link":"https:\/\/noo.ee\/lv\/product\/omes-frikadeles-cala-galas-saldetas-350-g\/","title":{"rendered":"Omes frikadeles, c\u0101\u013ca ga\u013cas, sald\u0113tas 350<span class=\"last-two-letters\"> g<\/span>"},"content":{"rendered":"","protected":false},"excerpt":{"rendered":"","protected":false},"featured_media":0,"template":"","meta":{"_acf_changed":false},"product_brand":[],"product_cat":[405],"product_tag":[],"class_list":{"0":"post-111822","1":"product","2":"type-product","3":"status-publish","5":"product_cat-frikadeles","7":"first","8":"outofstock","9":"purchasable","10":"product-type-simple"},"acf":[],"_links":{"self":[{"href":"https:\/\/noo.ee\/lv\/wp-json\/wp\/v2\/product\/111822","targetHints":{"allow":["GET"]}}],"collection":[{"href":"https:\/\/noo.ee\/lv\/wp-json\/wp\/v2\/product"}],"about":[{"href":"https:\/\/noo.ee\/lv\/wp-json\/wp\/v2\/types\/product"}],"version-history":[{"count":1,"href":"https:\/\/noo.ee\/lv\/wp-json\/wp\/v2\/product\/111822\/revisions"}],"predecessor-version":[{"id":112367,"href":"https:\/\/noo.ee\/lv\/wp-json\/wp\/v2\/product\/111822\/revisions\/112367"}],"wp:attachment":[{"href":"https:\/\/noo.ee\/lv\/wp-json\/wp\/v2\/media?parent=111822"}],"wp:term":[{"taxonomy":"product_brand","embeddable":true,"href":"https:\/\/noo.ee\/lv\/wp-json\/wp\/v2\/product_brand?post=111822"},{"taxonomy":"product_cat","embeddable":true,"href":"https:\/\/noo.ee\/lv\/wp-json\/wp\/v2\/product_cat?post=111822"},{"taxonomy":"product_tag","embeddable":true,"href":"https:\/\/noo.ee\/lv\/wp-json\/wp\/v2\/product_tag?post=111822"}],"curies":[{"name":"wp","href":"https:\/\/api.w.org\/{rel}","templated":true}]}}