{"id":111829,"date":"2025-10-01T14:51:01","date_gmt":"2025-10-01T11:51:01","guid":{"rendered":"https:\/\/noo.ee\/product\/paneta-cukas-snicele-fitlap-220-g\/"},"modified":"2026-04-15T10:58:57","modified_gmt":"2026-04-15T07:58:57","slug":"paneta-cukas-snicele-fitlap-220-g","status":"publish","type":"product","link":"https:\/\/noo.ee\/lv\/product\/paneta-cukas-snicele-fitlap-220-g\/","title":{"rendered":"Pan\u0113ta c\u016bkas \u0161nicele, Fitlap 220<span class=\"last-two-letters\"> g<\/span>"},"content":{"rendered":"","protected":false},"excerpt":{"rendered":"","protected":false},"featured_media":111830,"template":"","meta":{"_acf_changed":false},"product_brand":[],"product_cat":[335],"product_tag":[],"class_list":{"0":"post-111829","1":"product","2":"type-product","3":"status-publish","4":"has-post-thumbnail","6":"product_cat-maltites","8":"first","9":"instock","10":"taxable","11":"shipping-taxable","12":"purchasable","13":"product-type-simple"},"acf":[],"_links":{"self":[{"href":"https:\/\/noo.ee\/lv\/wp-json\/wp\/v2\/product\/111829","targetHints":{"allow":["GET"]}}],"collection":[{"href":"https:\/\/noo.ee\/lv\/wp-json\/wp\/v2\/product"}],"about":[{"href":"https:\/\/noo.ee\/lv\/wp-json\/wp\/v2\/types\/product"}],"version-history":[{"count":1,"href":"https:\/\/noo.ee\/lv\/wp-json\/wp\/v2\/product\/111829\/revisions"}],"predecessor-version":[{"id":112371,"href":"https:\/\/noo.ee\/lv\/wp-json\/wp\/v2\/product\/111829\/revisions\/112371"}],"wp:featuredmedia":[{"embeddable":true,"href":"https:\/\/noo.ee\/lv\/wp-json\/wp\/v2\/media\/111830"}],"wp:attachment":[{"href":"https:\/\/noo.ee\/lv\/wp-json\/wp\/v2\/media?parent=111829"}],"wp:term":[{"taxonomy":"product_brand","embeddable":true,"href":"https:\/\/noo.ee\/lv\/wp-json\/wp\/v2\/product_brand?post=111829"},{"taxonomy":"product_cat","embeddable":true,"href":"https:\/\/noo.ee\/lv\/wp-json\/wp\/v2\/product_cat?post=111829"},{"taxonomy":"product_tag","embeddable":true,"href":"https:\/\/noo.ee\/lv\/wp-json\/wp\/v2\/product_tag?post=111829"}],"curies":[{"name":"wp","href":"https:\/\/api.w.org\/{rel}","templated":true}]}}