{"id":111833,"date":"2025-10-14T08:14:13","date_gmt":"2025-10-14T05:14:13","guid":{"rendered":"https:\/\/noo.ee\/product\/liellopa-skinkis-16-kg\/"},"modified":"2025-10-20T12:36:07","modified_gmt":"2025-10-20T09:36:07","slug":"liellopa-skinkis-16-kg","status":"publish","type":"product","link":"https:\/\/noo.ee\/lv\/product\/liellopa-skinkis-16-kg\/","title":{"rendered":"Liellopa \u0161\u0137i\u0146\u0137is 1,6 <span class=\"last-two-letters\">kg<\/span>"},"content":{"rendered":"","protected":false},"excerpt":{"rendered":"","protected":false},"featured_media":0,"template":"","meta":{"_acf_changed":false},"product_brand":[],"product_cat":[357,190],"product_tag":[],"class_list":{"0":"post-111833","1":"product","2":"type-product","3":"status-publish","5":"product_cat-skinki-un-galas-ruletes","6":"product_cat-horeca-lv","8":"first","9":"outofstock","10":"purchasable","11":"product-type-simple"},"acf":[],"_links":{"self":[{"href":"https:\/\/noo.ee\/lv\/wp-json\/wp\/v2\/product\/111833","targetHints":{"allow":["GET"]}}],"collection":[{"href":"https:\/\/noo.ee\/lv\/wp-json\/wp\/v2\/product"}],"about":[{"href":"https:\/\/noo.ee\/lv\/wp-json\/wp\/v2\/types\/product"}],"version-history":[{"count":1,"href":"https:\/\/noo.ee\/lv\/wp-json\/wp\/v2\/product\/111833\/revisions"}],"predecessor-version":[{"id":112373,"href":"https:\/\/noo.ee\/lv\/wp-json\/wp\/v2\/product\/111833\/revisions\/112373"}],"wp:attachment":[{"href":"https:\/\/noo.ee\/lv\/wp-json\/wp\/v2\/media?parent=111833"}],"wp:term":[{"taxonomy":"product_brand","embeddable":true,"href":"https:\/\/noo.ee\/lv\/wp-json\/wp\/v2\/product_brand?post=111833"},{"taxonomy":"product_cat","embeddable":true,"href":"https:\/\/noo.ee\/lv\/wp-json\/wp\/v2\/product_cat?post=111833"},{"taxonomy":"product_tag","embeddable":true,"href":"https:\/\/noo.ee\/lv\/wp-json\/wp\/v2\/product_tag?post=111833"}],"curies":[{"name":"wp","href":"https:\/\/api.w.org\/{rel}","templated":true}]}}