{"id":111849,"date":"2025-10-01T14:51:25","date_gmt":"2025-10-01T11:51:25","guid":{"rendered":"https:\/\/noo.ee\/product\/vistas-cepamgala-ar-cili-un-apelsiniem-800-g\/"},"modified":"2025-10-20T12:36:10","modified_gmt":"2025-10-20T09:36:10","slug":"vistas-cepamgala-ar-cili-un-apelsiniem-800-g","status":"publish","type":"product","link":"https:\/\/noo.ee\/lv\/product\/vistas-cepamgala-ar-cili-un-apelsiniem-800-g\/","title":{"rendered":"Vistas cepamga\u013ca ar \u010dili un apels\u012bniem 800<span class=\"last-two-letters\"> g<\/span>"},"content":{"rendered":"","protected":false},"excerpt":{"rendered":"","protected":false},"featured_media":109467,"template":"","meta":{"_acf_changed":false},"product_brand":[],"product_cat":[],"product_tag":[],"class_list":{"0":"post-111849","1":"product","2":"type-product","3":"status-publish","4":"has-post-thumbnail","7":"first","8":"outofstock","9":"taxable","10":"shipping-taxable","11":"purchasable","12":"product-type-simple"},"acf":[],"_links":{"self":[{"href":"https:\/\/noo.ee\/lv\/wp-json\/wp\/v2\/product\/111849","targetHints":{"allow":["GET"]}}],"collection":[{"href":"https:\/\/noo.ee\/lv\/wp-json\/wp\/v2\/product"}],"about":[{"href":"https:\/\/noo.ee\/lv\/wp-json\/wp\/v2\/types\/product"}],"version-history":[{"count":1,"href":"https:\/\/noo.ee\/lv\/wp-json\/wp\/v2\/product\/111849\/revisions"}],"predecessor-version":[{"id":112388,"href":"https:\/\/noo.ee\/lv\/wp-json\/wp\/v2\/product\/111849\/revisions\/112388"}],"wp:featuredmedia":[{"embeddable":true,"href":"https:\/\/noo.ee\/lv\/wp-json\/wp\/v2\/media\/109467"}],"wp:attachment":[{"href":"https:\/\/noo.ee\/lv\/wp-json\/wp\/v2\/media?parent=111849"}],"wp:term":[{"taxonomy":"product_brand","embeddable":true,"href":"https:\/\/noo.ee\/lv\/wp-json\/wp\/v2\/product_brand?post=111849"},{"taxonomy":"product_cat","embeddable":true,"href":"https:\/\/noo.ee\/lv\/wp-json\/wp\/v2\/product_cat?post=111849"},{"taxonomy":"product_tag","embeddable":true,"href":"https:\/\/noo.ee\/lv\/wp-json\/wp\/v2\/product_tag?post=111849"}],"curies":[{"name":"wp","href":"https:\/\/api.w.org\/{rel}","templated":true}]}}