{"id":111854,"date":"2025-10-01T14:51:26","date_gmt":"2025-10-01T11:51:26","guid":{"rendered":"https:\/\/noo.ee\/product\/kraukskiga-cala-snicele-ar-sieru-440-g\/"},"modified":"2025-10-20T12:36:10","modified_gmt":"2025-10-20T09:36:10","slug":"kraukskiga-cala-snicele-ar-sieru-440-g","status":"publish","type":"product","link":"https:\/\/noo.ee\/lv\/product\/kraukskiga-cala-snicele-ar-sieru-440-g\/","title":{"rendered":"Krauk\u0161\u0137\u012bg\u0101 c\u0101\u013ca \u0161nicele ar sieru 440<span class=\"last-two-letters\"> g<\/span>"},"content":{"rendered":"","protected":false},"excerpt":{"rendered":"","protected":false},"featured_media":109477,"template":"","meta":{"_acf_changed":false},"product_brand":[],"product_cat":[],"product_tag":[],"class_list":{"0":"post-111854","1":"product","2":"type-product","3":"status-publish","4":"has-post-thumbnail","7":"first","8":"outofstock","9":"taxable","10":"shipping-taxable","11":"purchasable","12":"product-type-simple"},"acf":[],"_links":{"self":[{"href":"https:\/\/noo.ee\/lv\/wp-json\/wp\/v2\/product\/111854","targetHints":{"allow":["GET"]}}],"collection":[{"href":"https:\/\/noo.ee\/lv\/wp-json\/wp\/v2\/product"}],"about":[{"href":"https:\/\/noo.ee\/lv\/wp-json\/wp\/v2\/types\/product"}],"version-history":[{"count":1,"href":"https:\/\/noo.ee\/lv\/wp-json\/wp\/v2\/product\/111854\/revisions"}],"predecessor-version":[{"id":112393,"href":"https:\/\/noo.ee\/lv\/wp-json\/wp\/v2\/product\/111854\/revisions\/112393"}],"wp:featuredmedia":[{"embeddable":true,"href":"https:\/\/noo.ee\/lv\/wp-json\/wp\/v2\/media\/109477"}],"wp:attachment":[{"href":"https:\/\/noo.ee\/lv\/wp-json\/wp\/v2\/media?parent=111854"}],"wp:term":[{"taxonomy":"product_brand","embeddable":true,"href":"https:\/\/noo.ee\/lv\/wp-json\/wp\/v2\/product_brand?post=111854"},{"taxonomy":"product_cat","embeddable":true,"href":"https:\/\/noo.ee\/lv\/wp-json\/wp\/v2\/product_cat?post=111854"},{"taxonomy":"product_tag","embeddable":true,"href":"https:\/\/noo.ee\/lv\/wp-json\/wp\/v2\/product_tag?post=111854"}],"curies":[{"name":"wp","href":"https:\/\/api.w.org\/{rel}","templated":true}]}}