{"id":111856,"date":"2025-10-01T14:51:26","date_gmt":"2025-10-01T11:51:26","guid":{"rendered":"https:\/\/noo.ee\/product\/bekona-kauseta-siera-cala-galas-kabatinas-480-g\/"},"modified":"2025-10-20T12:36:11","modified_gmt":"2025-10-20T09:36:11","slug":"bekona-kauseta-siera-cala-galas-kabatinas-480-g","status":"publish","type":"product","link":"https:\/\/noo.ee\/lv\/product\/bekona-kauseta-siera-cala-galas-kabatinas-480-g\/","title":{"rendered":"Bekona-kaus\u0113t\u0101 siera c\u0101\u013ca ga\u013cas kabati\u0146as 480<span class=\"last-two-letters\"> g<\/span>"},"content":{"rendered":"","protected":false},"excerpt":{"rendered":"","protected":false},"featured_media":109481,"template":"","meta":{"_acf_changed":false},"product_brand":[],"product_cat":[],"product_tag":[],"class_list":{"0":"post-111856","1":"product","2":"type-product","3":"status-publish","4":"has-post-thumbnail","7":"first","8":"instock","9":"taxable","10":"shipping-taxable","11":"purchasable","12":"product-type-simple"},"acf":[],"_links":{"self":[{"href":"https:\/\/noo.ee\/lv\/wp-json\/wp\/v2\/product\/111856","targetHints":{"allow":["GET"]}}],"collection":[{"href":"https:\/\/noo.ee\/lv\/wp-json\/wp\/v2\/product"}],"about":[{"href":"https:\/\/noo.ee\/lv\/wp-json\/wp\/v2\/types\/product"}],"version-history":[{"count":1,"href":"https:\/\/noo.ee\/lv\/wp-json\/wp\/v2\/product\/111856\/revisions"}],"predecessor-version":[{"id":112395,"href":"https:\/\/noo.ee\/lv\/wp-json\/wp\/v2\/product\/111856\/revisions\/112395"}],"wp:featuredmedia":[{"embeddable":true,"href":"https:\/\/noo.ee\/lv\/wp-json\/wp\/v2\/media\/109481"}],"wp:attachment":[{"href":"https:\/\/noo.ee\/lv\/wp-json\/wp\/v2\/media?parent=111856"}],"wp:term":[{"taxonomy":"product_brand","embeddable":true,"href":"https:\/\/noo.ee\/lv\/wp-json\/wp\/v2\/product_brand?post=111856"},{"taxonomy":"product_cat","embeddable":true,"href":"https:\/\/noo.ee\/lv\/wp-json\/wp\/v2\/product_cat?post=111856"},{"taxonomy":"product_tag","embeddable":true,"href":"https:\/\/noo.ee\/lv\/wp-json\/wp\/v2\/product_tag?post=111856"}],"curies":[{"name":"wp","href":"https:\/\/api.w.org\/{rel}","templated":true}]}}