{"id":111857,"date":"2025-10-01T14:51:26","date_gmt":"2025-10-01T11:51:26","guid":{"rendered":"https:\/\/noo.ee\/product\/fitlap-cala-filejas-rullisi-ar-sieru-400-g\/"},"modified":"2025-10-20T12:36:11","modified_gmt":"2025-10-20T09:36:11","slug":"fitlap-cala-filejas-rullisi-ar-sieru-400-g","status":"publish","type":"product","link":"https:\/\/noo.ee\/lv\/product\/fitlap-cala-filejas-rullisi-ar-sieru-400-g\/","title":{"rendered":"Fitlap c\u0101\u013ca filejas rull\u012b\u0161i ar sieru 400<span class=\"last-two-letters\"> g<\/span>"},"content":{"rendered":"","protected":false},"excerpt":{"rendered":"","protected":false},"featured_media":109483,"template":"","meta":{"_acf_changed":false},"product_brand":[],"product_cat":[],"product_tag":[],"class_list":{"0":"post-111857","1":"product","2":"type-product","3":"status-publish","4":"has-post-thumbnail","7":"first","8":"instock","9":"taxable","10":"shipping-taxable","11":"purchasable","12":"product-type-simple"},"acf":[],"_links":{"self":[{"href":"https:\/\/noo.ee\/lv\/wp-json\/wp\/v2\/product\/111857","targetHints":{"allow":["GET"]}}],"collection":[{"href":"https:\/\/noo.ee\/lv\/wp-json\/wp\/v2\/product"}],"about":[{"href":"https:\/\/noo.ee\/lv\/wp-json\/wp\/v2\/types\/product"}],"version-history":[{"count":1,"href":"https:\/\/noo.ee\/lv\/wp-json\/wp\/v2\/product\/111857\/revisions"}],"predecessor-version":[{"id":112396,"href":"https:\/\/noo.ee\/lv\/wp-json\/wp\/v2\/product\/111857\/revisions\/112396"}],"wp:featuredmedia":[{"embeddable":true,"href":"https:\/\/noo.ee\/lv\/wp-json\/wp\/v2\/media\/109483"}],"wp:attachment":[{"href":"https:\/\/noo.ee\/lv\/wp-json\/wp\/v2\/media?parent=111857"}],"wp:term":[{"taxonomy":"product_brand","embeddable":true,"href":"https:\/\/noo.ee\/lv\/wp-json\/wp\/v2\/product_brand?post=111857"},{"taxonomy":"product_cat","embeddable":true,"href":"https:\/\/noo.ee\/lv\/wp-json\/wp\/v2\/product_cat?post=111857"},{"taxonomy":"product_tag","embeddable":true,"href":"https:\/\/noo.ee\/lv\/wp-json\/wp\/v2\/product_tag?post=111857"}],"curies":[{"name":"wp","href":"https:\/\/api.w.org\/{rel}","templated":true}]}}