{"id":111858,"date":"2025-10-01T14:51:26","date_gmt":"2025-10-01T11:51:26","guid":{"rendered":"https:\/\/noo.ee\/product\/karbonades-rullisi-ar-sviestu-un-dillem-460-g\/"},"modified":"2025-10-20T12:36:11","modified_gmt":"2025-10-20T09:36:11","slug":"karbonades-rullisi-ar-sviestu-un-dillem-460-g","status":"publish","type":"product","link":"https:\/\/noo.ee\/lv\/product\/karbonades-rullisi-ar-sviestu-un-dillem-460-g\/","title":{"rendered":"Karbon\u0101des rull\u012b\u0161i ar sviestu un dill\u0113m 460<span class=\"last-two-letters\"> g<\/span>"},"content":{"rendered":"","protected":false},"excerpt":{"rendered":"","protected":false},"featured_media":109485,"template":"","meta":{"_acf_changed":false},"product_brand":[],"product_cat":[],"product_tag":[],"class_list":{"0":"post-111858","1":"product","2":"type-product","3":"status-publish","4":"has-post-thumbnail","7":"first","8":"instock","9":"taxable","10":"shipping-taxable","11":"purchasable","12":"product-type-simple"},"acf":[],"_links":{"self":[{"href":"https:\/\/noo.ee\/lv\/wp-json\/wp\/v2\/product\/111858","targetHints":{"allow":["GET"]}}],"collection":[{"href":"https:\/\/noo.ee\/lv\/wp-json\/wp\/v2\/product"}],"about":[{"href":"https:\/\/noo.ee\/lv\/wp-json\/wp\/v2\/types\/product"}],"version-history":[{"count":1,"href":"https:\/\/noo.ee\/lv\/wp-json\/wp\/v2\/product\/111858\/revisions"}],"predecessor-version":[{"id":112397,"href":"https:\/\/noo.ee\/lv\/wp-json\/wp\/v2\/product\/111858\/revisions\/112397"}],"wp:featuredmedia":[{"embeddable":true,"href":"https:\/\/noo.ee\/lv\/wp-json\/wp\/v2\/media\/109485"}],"wp:attachment":[{"href":"https:\/\/noo.ee\/lv\/wp-json\/wp\/v2\/media?parent=111858"}],"wp:term":[{"taxonomy":"product_brand","embeddable":true,"href":"https:\/\/noo.ee\/lv\/wp-json\/wp\/v2\/product_brand?post=111858"},{"taxonomy":"product_cat","embeddable":true,"href":"https:\/\/noo.ee\/lv\/wp-json\/wp\/v2\/product_cat?post=111858"},{"taxonomy":"product_tag","embeddable":true,"href":"https:\/\/noo.ee\/lv\/wp-json\/wp\/v2\/product_tag?post=111858"}],"curies":[{"name":"wp","href":"https:\/\/api.w.org\/{rel}","templated":true}]}}