{"id":111860,"date":"2025-10-01T14:51:27","date_gmt":"2025-10-01T11:51:27","guid":{"rendered":"https:\/\/noo.ee\/product\/omes-cala-auksta-gala-500-g\/"},"modified":"2025-10-20T12:36:11","modified_gmt":"2025-10-20T09:36:11","slug":"omes-cala-auksta-gala-500-g","status":"publish","type":"product","link":"https:\/\/noo.ee\/lv\/product\/omes-cala-auksta-gala-500-g\/","title":{"rendered":"Omes c\u0101\u013ca aukst\u0101 ga\u013ca 500<span class=\"last-two-letters\"> g<\/span>"},"content":{"rendered":"","protected":false},"excerpt":{"rendered":"","protected":false},"featured_media":109489,"template":"","meta":{"_acf_changed":false},"product_brand":[],"product_cat":[296],"product_tag":[],"class_list":{"0":"post-111860","1":"product","2":"type-product","3":"status-publish","4":"has-post-thumbnail","6":"product_cat-auksta-gala","8":"first","9":"instock","10":"taxable","11":"shipping-taxable","12":"purchasable","13":"product-type-simple"},"acf":[],"_links":{"self":[{"href":"https:\/\/noo.ee\/lv\/wp-json\/wp\/v2\/product\/111860","targetHints":{"allow":["GET"]}}],"collection":[{"href":"https:\/\/noo.ee\/lv\/wp-json\/wp\/v2\/product"}],"about":[{"href":"https:\/\/noo.ee\/lv\/wp-json\/wp\/v2\/types\/product"}],"version-history":[{"count":1,"href":"https:\/\/noo.ee\/lv\/wp-json\/wp\/v2\/product\/111860\/revisions"}],"predecessor-version":[{"id":112399,"href":"https:\/\/noo.ee\/lv\/wp-json\/wp\/v2\/product\/111860\/revisions\/112399"}],"wp:featuredmedia":[{"embeddable":true,"href":"https:\/\/noo.ee\/lv\/wp-json\/wp\/v2\/media\/109489"}],"wp:attachment":[{"href":"https:\/\/noo.ee\/lv\/wp-json\/wp\/v2\/media?parent=111860"}],"wp:term":[{"taxonomy":"product_brand","embeddable":true,"href":"https:\/\/noo.ee\/lv\/wp-json\/wp\/v2\/product_brand?post=111860"},{"taxonomy":"product_cat","embeddable":true,"href":"https:\/\/noo.ee\/lv\/wp-json\/wp\/v2\/product_cat?post=111860"},{"taxonomy":"product_tag","embeddable":true,"href":"https:\/\/noo.ee\/lv\/wp-json\/wp\/v2\/product_tag?post=111860"}],"curies":[{"name":"wp","href":"https:\/\/api.w.org\/{rel}","templated":true}]}}