{"id":111887,"date":"2025-10-14T08:14:56","date_gmt":"2025-10-14T05:14:56","guid":{"rendered":"https:\/\/noo.ee\/product\/plucinata-cukgala-krejuma-merce-400-g\/"},"modified":"2025-10-20T12:36:19","modified_gmt":"2025-10-20T09:36:19","slug":"plucinata-cukgala-krejuma-merce-400-g","status":"publish","type":"product","link":"https:\/\/noo.ee\/lv\/product\/plucinata-cukgala-krejuma-merce-400-g\/","title":{"rendered":"Plucin\u0101ta c\u016bkga\u013ca kr\u0113juma m\u0113rc\u0113 400<span class=\"last-two-letters\"> g<\/span>"},"content":{"rendered":"","protected":false},"excerpt":{"rendered":"","protected":false},"featured_media":0,"template":"","meta":{"_acf_changed":false},"product_brand":[],"product_cat":[335],"product_tag":[],"class_list":{"0":"post-111887","1":"product","2":"type-product","3":"status-publish","5":"product_cat-maltites","7":"first","8":"outofstock","9":"purchasable","10":"product-type-simple"},"acf":[],"_links":{"self":[{"href":"https:\/\/noo.ee\/lv\/wp-json\/wp\/v2\/product\/111887","targetHints":{"allow":["GET"]}}],"collection":[{"href":"https:\/\/noo.ee\/lv\/wp-json\/wp\/v2\/product"}],"about":[{"href":"https:\/\/noo.ee\/lv\/wp-json\/wp\/v2\/types\/product"}],"version-history":[{"count":1,"href":"https:\/\/noo.ee\/lv\/wp-json\/wp\/v2\/product\/111887\/revisions"}],"predecessor-version":[{"id":112422,"href":"https:\/\/noo.ee\/lv\/wp-json\/wp\/v2\/product\/111887\/revisions\/112422"}],"wp:attachment":[{"href":"https:\/\/noo.ee\/lv\/wp-json\/wp\/v2\/media?parent=111887"}],"wp:term":[{"taxonomy":"product_brand","embeddable":true,"href":"https:\/\/noo.ee\/lv\/wp-json\/wp\/v2\/product_brand?post=111887"},{"taxonomy":"product_cat","embeddable":true,"href":"https:\/\/noo.ee\/lv\/wp-json\/wp\/v2\/product_cat?post=111887"},{"taxonomy":"product_tag","embeddable":true,"href":"https:\/\/noo.ee\/lv\/wp-json\/wp\/v2\/product_tag?post=111887"}],"curies":[{"name":"wp","href":"https:\/\/api.w.org\/{rel}","templated":true}]}}