{"id":111893,"date":"2025-10-14T08:14:58","date_gmt":"2025-10-14T05:14:58","guid":{"rendered":"https:\/\/noo.ee\/product\/cukgalas-krutina-kupinata-400-g\/"},"modified":"2025-10-20T12:36:20","modified_gmt":"2025-10-20T09:36:20","slug":"cukgalas-krutina-kupinata-400-g","status":"publish","type":"product","link":"https:\/\/noo.ee\/lv\/product\/cukgalas-krutina-kupinata-400-g\/","title":{"rendered":"C\u016bkga\u013cas kr\u016bti\u0146a k\u016bpin\u0101ta ~400<span class=\"last-two-letters\"> g<\/span>"},"content":{"rendered":"","protected":false},"excerpt":{"rendered":"","protected":false},"featured_media":111894,"template":"","meta":{"_acf_changed":false},"product_brand":[],"product_cat":[357],"product_tag":[],"class_list":{"0":"post-111893","1":"product","2":"type-product","3":"status-publish","4":"has-post-thumbnail","6":"product_cat-skinki-un-galas-ruletes","8":"first","9":"outofstock","10":"purchasable","11":"product-type-simple"},"acf":[],"_links":{"self":[{"href":"https:\/\/noo.ee\/lv\/wp-json\/wp\/v2\/product\/111893","targetHints":{"allow":["GET"]}}],"collection":[{"href":"https:\/\/noo.ee\/lv\/wp-json\/wp\/v2\/product"}],"about":[{"href":"https:\/\/noo.ee\/lv\/wp-json\/wp\/v2\/types\/product"}],"version-history":[{"count":1,"href":"https:\/\/noo.ee\/lv\/wp-json\/wp\/v2\/product\/111893\/revisions"}],"predecessor-version":[{"id":112428,"href":"https:\/\/noo.ee\/lv\/wp-json\/wp\/v2\/product\/111893\/revisions\/112428"}],"wp:featuredmedia":[{"embeddable":true,"href":"https:\/\/noo.ee\/lv\/wp-json\/wp\/v2\/media\/111894"}],"wp:attachment":[{"href":"https:\/\/noo.ee\/lv\/wp-json\/wp\/v2\/media?parent=111893"}],"wp:term":[{"taxonomy":"product_brand","embeddable":true,"href":"https:\/\/noo.ee\/lv\/wp-json\/wp\/v2\/product_brand?post=111893"},{"taxonomy":"product_cat","embeddable":true,"href":"https:\/\/noo.ee\/lv\/wp-json\/wp\/v2\/product_cat?post=111893"},{"taxonomy":"product_tag","embeddable":true,"href":"https:\/\/noo.ee\/lv\/wp-json\/wp\/v2\/product_tag?post=111893"}],"curies":[{"name":"wp","href":"https:\/\/api.w.org\/{rel}","templated":true}]}}