{"id":112442,"date":"2025-10-15T07:03:17","date_gmt":"2025-10-15T04:03:17","guid":{"rendered":"https:\/\/noo.ee\/product\/kupinatas-vistas-kubini-12x10-mm-10-kg\/"},"modified":"2026-04-15T10:58:08","modified_gmt":"2026-04-15T07:58:08","slug":"kupinatas-vistas-kubini-12x10-mm-10-kg","status":"publish","type":"product","link":"https:\/\/noo.ee\/lv\/product\/kupinatas-vistas-kubini-12x10-mm-10-kg\/","title":{"rendered":"K\u016bpin\u0101tas vistas kubi\u0146i (12&#215;10 mm) ~10 <span class=\"last-two-letters\">kg<\/span>"},"content":{"rendered":"","protected":false},"excerpt":{"rendered":"","protected":false},"featured_media":112440,"template":"","meta":{"_acf_changed":false},"product_brand":[],"product_cat":[331,190],"product_tag":[],"class_list":{"0":"post-112442","1":"product","2":"type-product","3":"status-publish","4":"has-post-thumbnail","6":"product_cat-grileti-un-kupinati-putnu-galas-produkti","7":"product_cat-horeca-lv","9":"first","10":"outofstock","11":"taxable","12":"shipping-taxable","13":"purchasable","14":"product-type-simple"},"acf":[],"_links":{"self":[{"href":"https:\/\/noo.ee\/lv\/wp-json\/wp\/v2\/product\/112442","targetHints":{"allow":["GET"]}}],"collection":[{"href":"https:\/\/noo.ee\/lv\/wp-json\/wp\/v2\/product"}],"about":[{"href":"https:\/\/noo.ee\/lv\/wp-json\/wp\/v2\/types\/product"}],"version-history":[{"count":1,"href":"https:\/\/noo.ee\/lv\/wp-json\/wp\/v2\/product\/112442\/revisions"}],"predecessor-version":[{"id":112536,"href":"https:\/\/noo.ee\/lv\/wp-json\/wp\/v2\/product\/112442\/revisions\/112536"}],"wp:featuredmedia":[{"embeddable":true,"href":"https:\/\/noo.ee\/lv\/wp-json\/wp\/v2\/media\/112440"}],"wp:attachment":[{"href":"https:\/\/noo.ee\/lv\/wp-json\/wp\/v2\/media?parent=112442"}],"wp:term":[{"taxonomy":"product_brand","embeddable":true,"href":"https:\/\/noo.ee\/lv\/wp-json\/wp\/v2\/product_brand?post=112442"},{"taxonomy":"product_cat","embeddable":true,"href":"https:\/\/noo.ee\/lv\/wp-json\/wp\/v2\/product_cat?post=112442"},{"taxonomy":"product_tag","embeddable":true,"href":"https:\/\/noo.ee\/lv\/wp-json\/wp\/v2\/product_tag?post=112442"}],"curies":[{"name":"wp","href":"https:\/\/api.w.org\/{rel}","templated":true}]}}