{"id":113372,"date":"2026-02-18T09:30:02","date_gmt":"2026-02-18T07:30:02","guid":{"rendered":"https:\/\/noo.ee\/product\/sierigas-cepamskeles-pikantas-240-g\/"},"modified":"2026-05-13T08:38:16","modified_gmt":"2026-05-13T05:38:16","slug":"sierigas-cepamskeles-pikantas-240-g","status":"publish","type":"product","link":"https:\/\/noo.ee\/lv\/product\/sierigas-cepamskeles-pikantas-240-g\/","title":{"rendered":"Sier\u012bg\u0101s cepam\u0161\u0137\u0113les pikant\u0101s 240<span class=\"last-two-letters\"> g<\/span>"},"content":{"rendered":"","protected":false},"excerpt":{"rendered":"","protected":false},"featured_media":0,"template":"","meta":{"_acf_changed":false},"product_brand":[],"product_cat":[399],"product_tag":[],"class_list":{"0":"post-113372","1":"product","2":"type-product","3":"status-publish","5":"product_cat-cepamsieri","7":"first","8":"outofstock","9":"taxable","10":"shipping-taxable","11":"purchasable","12":"product-type-simple"},"acf":[],"_links":{"self":[{"href":"https:\/\/noo.ee\/lv\/wp-json\/wp\/v2\/product\/113372","targetHints":{"allow":["GET"]}}],"collection":[{"href":"https:\/\/noo.ee\/lv\/wp-json\/wp\/v2\/product"}],"about":[{"href":"https:\/\/noo.ee\/lv\/wp-json\/wp\/v2\/types\/product"}],"version-history":[{"count":1,"href":"https:\/\/noo.ee\/lv\/wp-json\/wp\/v2\/product\/113372\/revisions"}],"predecessor-version":[{"id":114137,"href":"https:\/\/noo.ee\/lv\/wp-json\/wp\/v2\/product\/113372\/revisions\/114137"}],"wp:attachment":[{"href":"https:\/\/noo.ee\/lv\/wp-json\/wp\/v2\/media?parent=113372"}],"wp:term":[{"taxonomy":"product_brand","embeddable":true,"href":"https:\/\/noo.ee\/lv\/wp-json\/wp\/v2\/product_brand?post=113372"},{"taxonomy":"product_cat","embeddable":true,"href":"https:\/\/noo.ee\/lv\/wp-json\/wp\/v2\/product_cat?post=113372"},{"taxonomy":"product_tag","embeddable":true,"href":"https:\/\/noo.ee\/lv\/wp-json\/wp\/v2\/product_tag?post=113372"}],"curies":[{"name":"wp","href":"https:\/\/api.w.org\/{rel}","templated":true}]}}