{"id":114093,"date":"2025-10-01T14:51:13","date_gmt":"2025-10-01T11:51:13","guid":{"rendered":"https:\/\/noo.ee\/product\/cili-apelsinu-cala-sasliks-600-g\/"},"modified":"2026-05-13T08:39:04","modified_gmt":"2026-05-13T05:39:04","slug":"cili-apelsinu-cala-sasliks-600-g","status":"publish","type":"product","link":"https:\/\/noo.ee\/lv\/product\/cili-apelsinu-cala-sasliks-600-g\/","title":{"rendered":"\u010cili-apels\u012bnu c\u0101\u013ca \u0161a\u0161liks 600<span class=\"last-two-letters\"> g<\/span>"},"content":{"rendered":"","protected":false},"excerpt":{"rendered":"","protected":false},"featured_media":111913,"template":"","meta":{"_acf_changed":false},"product_brand":[],"product_cat":[294],"product_tag":[],"class_list":{"0":"post-114093","1":"product","2":"type-product","3":"status-publish","4":"has-post-thumbnail","6":"product_cat-sasliks","8":"first","9":"outofstock","10":"taxable","11":"shipping-taxable","12":"purchasable","13":"product-type-simple"},"acf":[],"_links":{"self":[{"href":"https:\/\/noo.ee\/lv\/wp-json\/wp\/v2\/product\/114093","targetHints":{"allow":["GET"]}}],"collection":[{"href":"https:\/\/noo.ee\/lv\/wp-json\/wp\/v2\/product"}],"about":[{"href":"https:\/\/noo.ee\/lv\/wp-json\/wp\/v2\/types\/product"}],"version-history":[{"count":1,"href":"https:\/\/noo.ee\/lv\/wp-json\/wp\/v2\/product\/114093\/revisions"}],"predecessor-version":[{"id":114111,"href":"https:\/\/noo.ee\/lv\/wp-json\/wp\/v2\/product\/114093\/revisions\/114111"}],"wp:featuredmedia":[{"embeddable":true,"href":"https:\/\/noo.ee\/lv\/wp-json\/wp\/v2\/media\/111913"}],"wp:attachment":[{"href":"https:\/\/noo.ee\/lv\/wp-json\/wp\/v2\/media?parent=114093"}],"wp:term":[{"taxonomy":"product_brand","embeddable":true,"href":"https:\/\/noo.ee\/lv\/wp-json\/wp\/v2\/product_brand?post=114093"},{"taxonomy":"product_cat","embeddable":true,"href":"https:\/\/noo.ee\/lv\/wp-json\/wp\/v2\/product_cat?post=114093"},{"taxonomy":"product_tag","embeddable":true,"href":"https:\/\/noo.ee\/lv\/wp-json\/wp\/v2\/product_tag?post=114093"}],"curies":[{"name":"wp","href":"https:\/\/api.w.org\/{rel}","templated":true}]}}