{"id":114099,"date":"2025-10-01T14:51:16","date_gmt":"2025-10-01T11:51:16","guid":{"rendered":"https:\/\/noo.ee\/product\/pikantas-cukgalas-ribinas-12-kg\/"},"modified":"2026-05-13T08:38:58","modified_gmt":"2026-05-13T05:38:58","slug":"pikantas-cukgalas-ribinas-12-kg","status":"publish","type":"product","link":"https:\/\/noo.ee\/lv\/product\/pikantas-cukgalas-ribinas-12-kg\/","title":{"rendered":"Pikant\u0101s c\u016bkga\u013cas ribi\u0146as ~1,2 <span class=\"last-two-letters\">kg<\/span>"},"content":{"rendered":"","protected":false},"excerpt":{"rendered":"","protected":false},"featured_media":111924,"template":"","meta":{"_acf_changed":false},"product_brand":[],"product_cat":[398],"product_tag":[],"class_list":{"0":"post-114099","1":"product","2":"type-product","3":"status-publish","4":"has-post-thumbnail","6":"product_cat-marinetas-ribinas","8":"first","9":"outofstock","10":"taxable","11":"shipping-taxable","12":"purchasable","13":"product-type-simple"},"acf":[],"_links":{"self":[{"href":"https:\/\/noo.ee\/lv\/wp-json\/wp\/v2\/product\/114099","targetHints":{"allow":["GET"]}}],"collection":[{"href":"https:\/\/noo.ee\/lv\/wp-json\/wp\/v2\/product"}],"about":[{"href":"https:\/\/noo.ee\/lv\/wp-json\/wp\/v2\/types\/product"}],"version-history":[{"count":1,"href":"https:\/\/noo.ee\/lv\/wp-json\/wp\/v2\/product\/114099\/revisions"}],"predecessor-version":[{"id":114144,"href":"https:\/\/noo.ee\/lv\/wp-json\/wp\/v2\/product\/114099\/revisions\/114144"}],"wp:featuredmedia":[{"embeddable":true,"href":"https:\/\/noo.ee\/lv\/wp-json\/wp\/v2\/media\/111924"}],"wp:attachment":[{"href":"https:\/\/noo.ee\/lv\/wp-json\/wp\/v2\/media?parent=114099"}],"wp:term":[{"taxonomy":"product_brand","embeddable":true,"href":"https:\/\/noo.ee\/lv\/wp-json\/wp\/v2\/product_brand?post=114099"},{"taxonomy":"product_cat","embeddable":true,"href":"https:\/\/noo.ee\/lv\/wp-json\/wp\/v2\/product_cat?post=114099"},{"taxonomy":"product_tag","embeddable":true,"href":"https:\/\/noo.ee\/lv\/wp-json\/wp\/v2\/product_tag?post=114099"}],"curies":[{"name":"wp","href":"https:\/\/api.w.org\/{rel}","templated":true}]}}