{"id":114100,"date":"2025-10-01T14:51:16","date_gmt":"2025-10-01T11:51:16","guid":{"rendered":"https:\/\/noo.ee\/product\/grilribinas-saslika-marinade-12-kg\/"},"modified":"2026-05-13T08:38:58","modified_gmt":"2026-05-13T05:38:58","slug":"grilribinas-saslika-marinade-12-kg","status":"publish","type":"product","link":"https:\/\/noo.ee\/lv\/product\/grilribinas-saslika-marinade-12-kg\/","title":{"rendered":"Grilribi\u0146as \u0161a\u0161lika marin\u0101d\u0113 ~1,2 <span class=\"last-two-letters\">kg<\/span>"},"content":{"rendered":"","protected":false},"excerpt":{"rendered":"","protected":false},"featured_media":111927,"template":"","meta":{"_acf_changed":false},"product_brand":[],"product_cat":[398],"product_tag":[],"class_list":{"0":"post-114100","1":"product","2":"type-product","3":"status-publish","4":"has-post-thumbnail","6":"product_cat-marinetas-ribinas","8":"first","9":"outofstock","10":"taxable","11":"shipping-taxable","12":"purchasable","13":"product-type-simple"},"acf":[],"_links":{"self":[{"href":"https:\/\/noo.ee\/lv\/wp-json\/wp\/v2\/product\/114100","targetHints":{"allow":["GET"]}}],"collection":[{"href":"https:\/\/noo.ee\/lv\/wp-json\/wp\/v2\/product"}],"about":[{"href":"https:\/\/noo.ee\/lv\/wp-json\/wp\/v2\/types\/product"}],"version-history":[{"count":1,"href":"https:\/\/noo.ee\/lv\/wp-json\/wp\/v2\/product\/114100\/revisions"}],"predecessor-version":[{"id":114145,"href":"https:\/\/noo.ee\/lv\/wp-json\/wp\/v2\/product\/114100\/revisions\/114145"}],"wp:featuredmedia":[{"embeddable":true,"href":"https:\/\/noo.ee\/lv\/wp-json\/wp\/v2\/media\/111927"}],"wp:attachment":[{"href":"https:\/\/noo.ee\/lv\/wp-json\/wp\/v2\/media?parent=114100"}],"wp:term":[{"taxonomy":"product_brand","embeddable":true,"href":"https:\/\/noo.ee\/lv\/wp-json\/wp\/v2\/product_brand?post=114100"},{"taxonomy":"product_cat","embeddable":true,"href":"https:\/\/noo.ee\/lv\/wp-json\/wp\/v2\/product_cat?post=114100"},{"taxonomy":"product_tag","embeddable":true,"href":"https:\/\/noo.ee\/lv\/wp-json\/wp\/v2\/product_tag?post=114100"}],"curies":[{"name":"wp","href":"https:\/\/api.w.org\/{rel}","templated":true}]}}