{"id":114101,"date":"2025-10-01T14:51:17","date_gmt":"2025-10-01T11:51:17","guid":{"rendered":"https:\/\/noo.ee\/product\/bbq-grilgala-mellenu-merce-440-g\/"},"modified":"2026-05-13T08:38:59","modified_gmt":"2026-05-13T05:38:59","slug":"bbq-grilgala-mellenu-merce-440-g","status":"publish","type":"product","link":"https:\/\/noo.ee\/lv\/product\/bbq-grilgala-mellenu-merce-440-g\/","title":{"rendered":"BBQ grilga\u013ca melle\u0146u m\u0113rc\u0113 440<span class=\"last-two-letters\"> g<\/span>"},"content":{"rendered":"","protected":false},"excerpt":{"rendered":"","protected":false},"featured_media":111929,"template":"","meta":{"_acf_changed":false},"product_brand":[],"product_cat":[447],"product_tag":[],"class_list":{"0":"post-114101","1":"product","2":"type-product","3":"status-publish","4":"has-post-thumbnail","6":"product_cat-cepamgala","8":"first","9":"instock","10":"taxable","11":"shipping-taxable","12":"purchasable","13":"product-type-simple"},"acf":[],"_links":{"self":[{"href":"https:\/\/noo.ee\/lv\/wp-json\/wp\/v2\/product\/114101","targetHints":{"allow":["GET"]}}],"collection":[{"href":"https:\/\/noo.ee\/lv\/wp-json\/wp\/v2\/product"}],"about":[{"href":"https:\/\/noo.ee\/lv\/wp-json\/wp\/v2\/types\/product"}],"version-history":[{"count":1,"href":"https:\/\/noo.ee\/lv\/wp-json\/wp\/v2\/product\/114101\/revisions"}],"predecessor-version":[{"id":114146,"href":"https:\/\/noo.ee\/lv\/wp-json\/wp\/v2\/product\/114101\/revisions\/114146"}],"wp:featuredmedia":[{"embeddable":true,"href":"https:\/\/noo.ee\/lv\/wp-json\/wp\/v2\/media\/111929"}],"wp:attachment":[{"href":"https:\/\/noo.ee\/lv\/wp-json\/wp\/v2\/media?parent=114101"}],"wp:term":[{"taxonomy":"product_brand","embeddable":true,"href":"https:\/\/noo.ee\/lv\/wp-json\/wp\/v2\/product_brand?post=114101"},{"taxonomy":"product_cat","embeddable":true,"href":"https:\/\/noo.ee\/lv\/wp-json\/wp\/v2\/product_cat?post=114101"},{"taxonomy":"product_tag","embeddable":true,"href":"https:\/\/noo.ee\/lv\/wp-json\/wp\/v2\/product_tag?post=114101"}],"curies":[{"name":"wp","href":"https:\/\/api.w.org\/{rel}","templated":true}]}}