{"id":114103,"date":"2026-02-18T09:30:02","date_gmt":"2026-02-18T07:30:02","guid":{"rendered":"https:\/\/noo.ee\/product\/grilsteiks-armenu-gaume-430-g\/"},"modified":"2026-05-13T08:39:00","modified_gmt":"2026-05-13T05:39:00","slug":"grilsteiks-armenu-gaume-430-g","status":"publish","type":"product","link":"https:\/\/noo.ee\/lv\/product\/grilsteiks-armenu-gaume-430-g\/","title":{"rendered":"Grilsteiks arm\u0113\u0146u gaum\u0113 430<span class=\"last-two-letters\"> g<\/span>"},"content":{"rendered":"","protected":false},"excerpt":{"rendered":"","protected":false},"featured_media":113190,"template":"","meta":{"_acf_changed":false},"product_brand":[],"product_cat":[447],"product_tag":[],"class_list":{"0":"post-114103","1":"product","2":"type-product","3":"status-publish","4":"has-post-thumbnail","6":"product_cat-cepamgala","8":"first","9":"outofstock","10":"taxable","11":"shipping-taxable","12":"purchasable","13":"product-type-simple"},"acf":[],"_links":{"self":[{"href":"https:\/\/noo.ee\/lv\/wp-json\/wp\/v2\/product\/114103","targetHints":{"allow":["GET"]}}],"collection":[{"href":"https:\/\/noo.ee\/lv\/wp-json\/wp\/v2\/product"}],"about":[{"href":"https:\/\/noo.ee\/lv\/wp-json\/wp\/v2\/types\/product"}],"version-history":[{"count":1,"href":"https:\/\/noo.ee\/lv\/wp-json\/wp\/v2\/product\/114103\/revisions"}],"predecessor-version":[{"id":114148,"href":"https:\/\/noo.ee\/lv\/wp-json\/wp\/v2\/product\/114103\/revisions\/114148"}],"wp:featuredmedia":[{"embeddable":true,"href":"https:\/\/noo.ee\/lv\/wp-json\/wp\/v2\/media\/113190"}],"wp:attachment":[{"href":"https:\/\/noo.ee\/lv\/wp-json\/wp\/v2\/media?parent=114103"}],"wp:term":[{"taxonomy":"product_brand","embeddable":true,"href":"https:\/\/noo.ee\/lv\/wp-json\/wp\/v2\/product_brand?post=114103"},{"taxonomy":"product_cat","embeddable":true,"href":"https:\/\/noo.ee\/lv\/wp-json\/wp\/v2\/product_cat?post=114103"},{"taxonomy":"product_tag","embeddable":true,"href":"https:\/\/noo.ee\/lv\/wp-json\/wp\/v2\/product_tag?post=114103"}],"curies":[{"name":"wp","href":"https:\/\/api.w.org\/{rel}","templated":true}]}}