{"id":114105,"date":"2026-02-18T09:30:12","date_gmt":"2026-02-18T07:30:12","guid":{"rendered":"https:\/\/noo.ee\/product\/glazets-cala-steiks-400-g\/"},"modified":"2026-05-13T08:39:01","modified_gmt":"2026-05-13T05:39:01","slug":"glazets-cala-steiks-400-g","status":"publish","type":"product","link":"https:\/\/noo.ee\/lv\/product\/glazets-cala-steiks-400-g\/","title":{"rendered":"Glaz\u0113ts c\u0101\u013ca steiks 400<span class=\"last-two-letters\"> g<\/span>"},"content":{"rendered":"","protected":false},"excerpt":{"rendered":"","protected":false},"featured_media":113187,"template":"","meta":{"_acf_changed":false},"product_brand":[],"product_cat":[447],"product_tag":[],"class_list":{"0":"post-114105","1":"product","2":"type-product","3":"status-publish","4":"has-post-thumbnail","6":"product_cat-cepamgala","8":"first","9":"outofstock","10":"taxable","11":"shipping-taxable","12":"purchasable","13":"product-type-simple"},"acf":[],"_links":{"self":[{"href":"https:\/\/noo.ee\/lv\/wp-json\/wp\/v2\/product\/114105","targetHints":{"allow":["GET"]}}],"collection":[{"href":"https:\/\/noo.ee\/lv\/wp-json\/wp\/v2\/product"}],"about":[{"href":"https:\/\/noo.ee\/lv\/wp-json\/wp\/v2\/types\/product"}],"version-history":[{"count":1,"href":"https:\/\/noo.ee\/lv\/wp-json\/wp\/v2\/product\/114105\/revisions"}],"predecessor-version":[{"id":114150,"href":"https:\/\/noo.ee\/lv\/wp-json\/wp\/v2\/product\/114105\/revisions\/114150"}],"wp:featuredmedia":[{"embeddable":true,"href":"https:\/\/noo.ee\/lv\/wp-json\/wp\/v2\/media\/113187"}],"wp:attachment":[{"href":"https:\/\/noo.ee\/lv\/wp-json\/wp\/v2\/media?parent=114105"}],"wp:term":[{"taxonomy":"product_brand","embeddable":true,"href":"https:\/\/noo.ee\/lv\/wp-json\/wp\/v2\/product_brand?post=114105"},{"taxonomy":"product_cat","embeddable":true,"href":"https:\/\/noo.ee\/lv\/wp-json\/wp\/v2\/product_cat?post=114105"},{"taxonomy":"product_tag","embeddable":true,"href":"https:\/\/noo.ee\/lv\/wp-json\/wp\/v2\/product_tag?post=114105"}],"curies":[{"name":"wp","href":"https:\/\/api.w.org\/{rel}","templated":true}]}}