{"id":114106,"date":"2025-10-01T14:51:19","date_gmt":"2025-10-01T11:51:19","guid":{"rendered":"https:\/\/noo.ee\/product\/pikantie-cala-pussparni-600-g\/"},"modified":"2026-05-13T08:39:01","modified_gmt":"2026-05-13T05:39:01","slug":"pikantie-cala-pussparni-600-g","status":"publish","type":"product","link":"https:\/\/noo.ee\/lv\/product\/pikantie-cala-pussparni-600-g\/","title":{"rendered":"Pikantie c\u0101\u013ca pussp\u0101rni 600<span class=\"last-two-letters\"> g<\/span>"},"content":{"rendered":"","protected":false},"excerpt":{"rendered":"","protected":false},"featured_media":111935,"template":"","meta":{"_acf_changed":false},"product_brand":[],"product_cat":[448],"product_tag":[],"class_list":{"0":"post-114106","1":"product","2":"type-product","3":"status-publish","4":"has-post-thumbnail","6":"product_cat-marineta-vistas-gala","8":"first","9":"outofstock","10":"taxable","11":"shipping-taxable","12":"purchasable","13":"product-type-simple"},"acf":[],"_links":{"self":[{"href":"https:\/\/noo.ee\/lv\/wp-json\/wp\/v2\/product\/114106","targetHints":{"allow":["GET"]}}],"collection":[{"href":"https:\/\/noo.ee\/lv\/wp-json\/wp\/v2\/product"}],"about":[{"href":"https:\/\/noo.ee\/lv\/wp-json\/wp\/v2\/types\/product"}],"version-history":[{"count":1,"href":"https:\/\/noo.ee\/lv\/wp-json\/wp\/v2\/product\/114106\/revisions"}],"predecessor-version":[{"id":114151,"href":"https:\/\/noo.ee\/lv\/wp-json\/wp\/v2\/product\/114106\/revisions\/114151"}],"wp:featuredmedia":[{"embeddable":true,"href":"https:\/\/noo.ee\/lv\/wp-json\/wp\/v2\/media\/111935"}],"wp:attachment":[{"href":"https:\/\/noo.ee\/lv\/wp-json\/wp\/v2\/media?parent=114106"}],"wp:term":[{"taxonomy":"product_brand","embeddable":true,"href":"https:\/\/noo.ee\/lv\/wp-json\/wp\/v2\/product_brand?post=114106"},{"taxonomy":"product_cat","embeddable":true,"href":"https:\/\/noo.ee\/lv\/wp-json\/wp\/v2\/product_cat?post=114106"},{"taxonomy":"product_tag","embeddable":true,"href":"https:\/\/noo.ee\/lv\/wp-json\/wp\/v2\/product_tag?post=114106"}],"curies":[{"name":"wp","href":"https:\/\/api.w.org\/{rel}","templated":true}]}}