{"id":114107,"date":"2026-02-18T09:30:12","date_gmt":"2026-02-18T07:30:12","guid":{"rendered":"https:\/\/noo.ee\/product\/cili-apelsinu-cala-stilbini-560-g-2\/"},"modified":"2026-05-13T08:39:02","modified_gmt":"2026-05-13T05:39:02","slug":"cili-apelsinu-cala-stilbini-560-g-2","status":"publish","type":"product","link":"https:\/\/noo.ee\/lv\/product\/cili-apelsinu-cala-stilbini-560-g-2\/","title":{"rendered":"\u010cili-apels\u012bnu c\u0101\u013ca stilbi\u0146i 560<span class=\"last-two-letters\"> g<\/span>"},"content":{"rendered":"","protected":false},"excerpt":{"rendered":"","protected":false},"featured_media":113188,"template":"","meta":{"_acf_changed":false},"product_brand":[],"product_cat":[448],"product_tag":[],"class_list":{"0":"post-114107","1":"product","2":"type-product","3":"status-publish","4":"has-post-thumbnail","6":"product_cat-marineta-vistas-gala","8":"first","9":"outofstock","10":"taxable","11":"shipping-taxable","12":"purchasable","13":"product-type-simple"},"acf":[],"_links":{"self":[{"href":"https:\/\/noo.ee\/lv\/wp-json\/wp\/v2\/product\/114107","targetHints":{"allow":["GET"]}}],"collection":[{"href":"https:\/\/noo.ee\/lv\/wp-json\/wp\/v2\/product"}],"about":[{"href":"https:\/\/noo.ee\/lv\/wp-json\/wp\/v2\/types\/product"}],"version-history":[{"count":1,"href":"https:\/\/noo.ee\/lv\/wp-json\/wp\/v2\/product\/114107\/revisions"}],"predecessor-version":[{"id":114152,"href":"https:\/\/noo.ee\/lv\/wp-json\/wp\/v2\/product\/114107\/revisions\/114152"}],"wp:featuredmedia":[{"embeddable":true,"href":"https:\/\/noo.ee\/lv\/wp-json\/wp\/v2\/media\/113188"}],"wp:attachment":[{"href":"https:\/\/noo.ee\/lv\/wp-json\/wp\/v2\/media?parent=114107"}],"wp:term":[{"taxonomy":"product_brand","embeddable":true,"href":"https:\/\/noo.ee\/lv\/wp-json\/wp\/v2\/product_brand?post=114107"},{"taxonomy":"product_cat","embeddable":true,"href":"https:\/\/noo.ee\/lv\/wp-json\/wp\/v2\/product_cat?post=114107"},{"taxonomy":"product_tag","embeddable":true,"href":"https:\/\/noo.ee\/lv\/wp-json\/wp\/v2\/product_tag?post=114107"}],"curies":[{"name":"wp","href":"https:\/\/api.w.org\/{rel}","templated":true}]}}