{"id":114108,"date":"2025-10-01T14:51:19","date_gmt":"2025-10-01T11:51:19","guid":{"rendered":"https:\/\/noo.ee\/product\/karbonades-sasliks-cili-paprikas-marinade-fitlap-600-g\/"},"modified":"2026-05-13T08:39:02","modified_gmt":"2026-05-13T05:39:02","slug":"karbonades-sasliks-cili-paprikas-marinade-fitlap-600-g","status":"publish","type":"product","link":"https:\/\/noo.ee\/lv\/product\/karbonades-sasliks-cili-paprikas-marinade-fitlap-600-g\/","title":{"rendered":"Karbon\u0101des \u0161a\u0161liks \u010dili-paprikas marin\u0101d\u0113, Fitlap 600<span class=\"last-two-letters\"> g<\/span>"},"content":{"rendered":"","protected":false},"excerpt":{"rendered":"","protected":false},"featured_media":111938,"template":"","meta":{"_acf_changed":false},"product_brand":[],"product_cat":[294],"product_tag":[],"class_list":{"0":"post-114108","1":"product","2":"type-product","3":"status-publish","4":"has-post-thumbnail","6":"product_cat-sasliks","8":"first","9":"outofstock","10":"taxable","11":"shipping-taxable","12":"purchasable","13":"product-type-simple"},"acf":[],"_links":{"self":[{"href":"https:\/\/noo.ee\/lv\/wp-json\/wp\/v2\/product\/114108","targetHints":{"allow":["GET"]}}],"collection":[{"href":"https:\/\/noo.ee\/lv\/wp-json\/wp\/v2\/product"}],"about":[{"href":"https:\/\/noo.ee\/lv\/wp-json\/wp\/v2\/types\/product"}],"version-history":[{"count":1,"href":"https:\/\/noo.ee\/lv\/wp-json\/wp\/v2\/product\/114108\/revisions"}],"predecessor-version":[{"id":114153,"href":"https:\/\/noo.ee\/lv\/wp-json\/wp\/v2\/product\/114108\/revisions\/114153"}],"wp:featuredmedia":[{"embeddable":true,"href":"https:\/\/noo.ee\/lv\/wp-json\/wp\/v2\/media\/111938"}],"wp:attachment":[{"href":"https:\/\/noo.ee\/lv\/wp-json\/wp\/v2\/media?parent=114108"}],"wp:term":[{"taxonomy":"product_brand","embeddable":true,"href":"https:\/\/noo.ee\/lv\/wp-json\/wp\/v2\/product_brand?post=114108"},{"taxonomy":"product_cat","embeddable":true,"href":"https:\/\/noo.ee\/lv\/wp-json\/wp\/v2\/product_cat?post=114108"},{"taxonomy":"product_tag","embeddable":true,"href":"https:\/\/noo.ee\/lv\/wp-json\/wp\/v2\/product_tag?post=114108"}],"curies":[{"name":"wp","href":"https:\/\/api.w.org\/{rel}","templated":true}]}}