{"id":114133,"date":"2026-04-02T09:52:03","date_gmt":"2026-04-02T06:52:03","guid":{"rendered":"https:\/\/noo.ee\/product\/cala-gala-mellenu-jogurta-marinade-440-g\/"},"modified":"2026-05-13T08:39:14","modified_gmt":"2026-05-13T05:39:14","slug":"cala-gala-mellenu-jogurta-marinade-440-g","status":"publish","type":"product","link":"https:\/\/noo.ee\/lv\/product\/cala-gala-mellenu-jogurta-marinade-440-g\/","title":{"rendered":"C\u0101\u013ca ga\u013ca melle\u0146u-jogurta marin\u0101d\u0113 440<span class=\"last-two-letters\"> g<\/span>"},"content":{"rendered":"","protected":false},"excerpt":{"rendered":"","protected":false},"featured_media":113348,"template":"","meta":{"_acf_changed":false},"product_brand":[],"product_cat":[447],"product_tag":[],"class_list":{"0":"post-114133","1":"product","2":"type-product","3":"status-publish","4":"has-post-thumbnail","6":"product_cat-cepamgala","8":"first","9":"outofstock","10":"taxable","11":"shipping-taxable","12":"purchasable","13":"product-type-simple"},"acf":[],"_links":{"self":[{"href":"https:\/\/noo.ee\/lv\/wp-json\/wp\/v2\/product\/114133","targetHints":{"allow":["GET"]}}],"collection":[{"href":"https:\/\/noo.ee\/lv\/wp-json\/wp\/v2\/product"}],"about":[{"href":"https:\/\/noo.ee\/lv\/wp-json\/wp\/v2\/types\/product"}],"version-history":[{"count":1,"href":"https:\/\/noo.ee\/lv\/wp-json\/wp\/v2\/product\/114133\/revisions"}],"predecessor-version":[{"id":114177,"href":"https:\/\/noo.ee\/lv\/wp-json\/wp\/v2\/product\/114133\/revisions\/114177"}],"wp:featuredmedia":[{"embeddable":true,"href":"https:\/\/noo.ee\/lv\/wp-json\/wp\/v2\/media\/113348"}],"wp:attachment":[{"href":"https:\/\/noo.ee\/lv\/wp-json\/wp\/v2\/media?parent=114133"}],"wp:term":[{"taxonomy":"product_brand","embeddable":true,"href":"https:\/\/noo.ee\/lv\/wp-json\/wp\/v2\/product_brand?post=114133"},{"taxonomy":"product_cat","embeddable":true,"href":"https:\/\/noo.ee\/lv\/wp-json\/wp\/v2\/product_cat?post=114133"},{"taxonomy":"product_tag","embeddable":true,"href":"https:\/\/noo.ee\/lv\/wp-json\/wp\/v2\/product_tag?post=114133"}],"curies":[{"name":"wp","href":"https:\/\/api.w.org\/{rel}","templated":true}]}}