{"id":114134,"date":"2026-04-02T09:52:04","date_gmt":"2026-04-02T06:52:04","guid":{"rendered":"https:\/\/noo.ee\/product\/cala-cepamgala-krejuma-sipolu-marinade-500-g\/"},"modified":"2026-05-13T08:39:15","modified_gmt":"2026-05-13T05:39:15","slug":"cala-cepamgala-krejuma-sipolu-marinade-500-g","status":"publish","type":"product","link":"https:\/\/noo.ee\/lv\/product\/cala-cepamgala-krejuma-sipolu-marinade-500-g\/","title":{"rendered":"C\u0101\u013ca cepamga\u013ca kr\u0113juma-s\u012bpolu marin\u0101d\u0113 500<span class=\"last-two-letters\"> g<\/span>"},"content":{"rendered":"","protected":false},"excerpt":{"rendered":"","protected":false},"featured_media":113350,"template":"","meta":{"_acf_changed":false},"product_brand":[],"product_cat":[447],"product_tag":[],"class_list":{"0":"post-114134","1":"product","2":"type-product","3":"status-publish","4":"has-post-thumbnail","6":"product_cat-cepamgala","8":"first","9":"outofstock","10":"taxable","11":"shipping-taxable","12":"purchasable","13":"product-type-simple"},"acf":[],"_links":{"self":[{"href":"https:\/\/noo.ee\/lv\/wp-json\/wp\/v2\/product\/114134","targetHints":{"allow":["GET"]}}],"collection":[{"href":"https:\/\/noo.ee\/lv\/wp-json\/wp\/v2\/product"}],"about":[{"href":"https:\/\/noo.ee\/lv\/wp-json\/wp\/v2\/types\/product"}],"version-history":[{"count":1,"href":"https:\/\/noo.ee\/lv\/wp-json\/wp\/v2\/product\/114134\/revisions"}],"predecessor-version":[{"id":114178,"href":"https:\/\/noo.ee\/lv\/wp-json\/wp\/v2\/product\/114134\/revisions\/114178"}],"wp:featuredmedia":[{"embeddable":true,"href":"https:\/\/noo.ee\/lv\/wp-json\/wp\/v2\/media\/113350"}],"wp:attachment":[{"href":"https:\/\/noo.ee\/lv\/wp-json\/wp\/v2\/media?parent=114134"}],"wp:term":[{"taxonomy":"product_brand","embeddable":true,"href":"https:\/\/noo.ee\/lv\/wp-json\/wp\/v2\/product_brand?post=114134"},{"taxonomy":"product_cat","embeddable":true,"href":"https:\/\/noo.ee\/lv\/wp-json\/wp\/v2\/product_cat?post=114134"},{"taxonomy":"product_tag","embeddable":true,"href":"https:\/\/noo.ee\/lv\/wp-json\/wp\/v2\/product_tag?post=114134"}],"curies":[{"name":"wp","href":"https:\/\/api.w.org\/{rel}","templated":true}]}}