{"id":114135,"date":"2026-05-13T08:35:55","date_gmt":"2026-05-13T05:35:55","guid":{"rendered":"https:\/\/noo.ee\/product\/marineti-calu-stilbini-600-g\/"},"modified":"2026-05-13T08:39:15","modified_gmt":"2026-05-13T05:39:15","slug":"marineti-calu-stilbini-600-g","status":"publish","type":"product","link":"https:\/\/noo.ee\/lv\/product\/marineti-calu-stilbini-600-g\/","title":{"rendered":"Marin\u0113ti c\u0101\u013cu stilbi\u0146i 600<span class=\"last-two-letters\"> g<\/span>"},"content":{"rendered":"","protected":false},"excerpt":{"rendered":"","protected":false},"featured_media":0,"template":"","meta":{"_acf_changed":false},"product_brand":[],"product_cat":[448],"product_tag":[],"class_list":{"0":"post-114135","1":"product","2":"type-product","3":"status-publish","5":"product_cat-marineta-vistas-gala","7":"first","8":"outofstock","9":"purchasable","10":"product-type-simple"},"acf":[],"_links":{"self":[{"href":"https:\/\/noo.ee\/lv\/wp-json\/wp\/v2\/product\/114135","targetHints":{"allow":["GET"]}}],"collection":[{"href":"https:\/\/noo.ee\/lv\/wp-json\/wp\/v2\/product"}],"about":[{"href":"https:\/\/noo.ee\/lv\/wp-json\/wp\/v2\/types\/product"}],"version-history":[{"count":1,"href":"https:\/\/noo.ee\/lv\/wp-json\/wp\/v2\/product\/114135\/revisions"}],"predecessor-version":[{"id":114179,"href":"https:\/\/noo.ee\/lv\/wp-json\/wp\/v2\/product\/114135\/revisions\/114179"}],"wp:attachment":[{"href":"https:\/\/noo.ee\/lv\/wp-json\/wp\/v2\/media?parent=114135"}],"wp:term":[{"taxonomy":"product_brand","embeddable":true,"href":"https:\/\/noo.ee\/lv\/wp-json\/wp\/v2\/product_brand?post=114135"},{"taxonomy":"product_cat","embeddable":true,"href":"https:\/\/noo.ee\/lv\/wp-json\/wp\/v2\/product_cat?post=114135"},{"taxonomy":"product_tag","embeddable":true,"href":"https:\/\/noo.ee\/lv\/wp-json\/wp\/v2\/product_tag?post=114135"}],"curies":[{"name":"wp","href":"https:\/\/api.w.org\/{rel}","templated":true}]}}